{"id":5202,"date":"2020-11-30T12:03:42","date_gmt":"2020-11-30T11:03:42","guid":{"rendered":"https:\/\/decomazing.com\/?post_type=product&#038;p=5202"},"modified":"2024-10-05T20:50:08","modified_gmt":"2024-10-05T18:50:08","slug":"3d-schneeflocke-set","status":"publish","type":"product","link":"https:\/\/decomazing.com\/en\/weihnachten\/3d-schneeflocke-set\/","title":{"rendered":"Anh\u00e4nger 3D-Schneeflocke Set"},"content":{"rendered":"<h2>Anh\u00e4nger 3D-Schneeflocke Set &#8211; gl\u00e4nzend sch\u00f6ne Winterdekoration<\/h2>\n<p>Lieberhaber winterlicher, bzw. weihnachtlicher Deko-Ideen geht beim Anblick unserer 3D-Schneeflocken bestimmt das Herz auf. Unser Schneeflocken-Set beinhaltet insgesamt sechs Flocken in drei unterschiedlichen Gr\u00f6\u00dfen f\u00fcr den maximalen Effekt im Raum oder am Fenster. Mit ihrem Glanz sind sie in jedem Fall ein absoluter Blickfang \u2013 besonders im passenden Licht und auch bei sanftem Sonnenschein. Die 3D-Schneeflocken k\u00f6nnt ihr in vier verschiedenen Farben kaufen: die Klassiker Silber und Gold, aber auch ein zartes Ros\u00e9 und Champagner stehen zur Auswahl.<\/p>\n<p>\u00dcbrigens: Unsere Schneeflocken lassen sich auch ganz einfach zu einer wundervollen Girlande kombinieren. Ideal f\u00fcr jede Weihnachtsdekoration! Hierf\u00fcr wurden Schn\u00fcre an zwei Seiten zur Aufh\u00e4ngung und Verkn\u00fcpfung angen\u00e4ht. Der 3D Effekt entsteht \u00fcbrigens durch die drei Lagen aus veredeltem Papier die \u00fcbereinander vern\u00e4ht wurden. Die \u00e4u\u00dferen Lagen vorsichtig auffalten, fertig!<br \/>\nWegschmei\u00dfen m\u00fcsst ihr unsere sch\u00f6nen Schneeflocken nicht nach der Weihnachtszeit. Einfach wieder flach gemacht (wie bei der Lieferung) und trocken gelagert, k\u00f6nnen sie auch im n\u00e4chsten Jahr wieder verwendet werden.<\/p>\n<p>Ihr wisst nicht weiter, h\u00e4ttet gern Beratung oder habt eine Frage? Dann nutzt gerne unser <a href=\"https:\/\/decomazing.com\/contact\/\" rel=\"nofollow\" data-schema-attribute=\"\">Kontaktformular<\/a> und wir helfen euch weiter!<\/p>\n<h3>Short Facts: Anh\u00e4nger 3D-Schneeflocke Set<\/h3>\n<p><strong>Material:<\/strong> hochwertiges Papier mit Hot Foil Veredelung<br \/>\n<strong><br \/>\nGr\u00f6\u00dfe: <\/strong>15cm, 20cm &amp; 25cm \u2013 je zwei Mal<\/p>\n<p><strong>Lieferumfang:<\/strong> Set bestehend aus sechs Schneeflocken, jeweils mit Faden zum Aufh\u00e4ngen, bzw. zur Verkn\u00fcpfung als Girlande<\/p>\n\n\t\t\t\t\t<style>\n\t\t\t\t\t\t.ytu_69eb9a652ec11 { width: 100%; height: 100%; }\n\t\t\t\t\t\t.display_bottom.ytu_69eb9a652ec11 .tac_activate { width: 100%; }\n\t\t\t\t\t@media only screen and (max-width: 100%) {\n\t\t\t\t\t\t.display_bottom.ytu_69eb9a652ec11 .tac_activate { width: 100%; }\n\t\t\t\t\t\t.ytu_69eb9a652ec11 { width: 100% !important;}\n\t\t\t\t\t}\n\t\t\t\t\t<\/style><style>.ytu_69eb9a652ec11 .embed-container{width: 100%; position: relative; padding-bottom: unset; height: 100%; } .display_bottom.ytu_69eb9a652ec11 .tac_activate {background: transparent !Important;position: absolute; bottom: 0px;} .display_bottom.ytu_69eb9a652ec11 {position: relative; } <\/style><div class=\"youtube_player display_bottom ytu_69eb9a652ec11 yt_player_dark\" thumb=\"https:\/\/decomazing.com\/wp-content\/dsgvo-all-in-one-for-wp\/thumbnails\/emgw4COqMek\/emgw4COqMek.png\"  videoID=\"emgw4COqMek\" width=\"100%\" height=\"100%\" theme=\"light\" controls=\"1\" rel=\"0\" autoplay=\"0\"><\/div>\n","protected":false},"excerpt":{"rendered":"<p>Unsere 3D-Schneeflocken verspr\u00fchen pure Winterfreude. Besonders in den Farben Gold und Silber entsteht ein wundervolles weihnachtliches Ambiente.<\/p>\n","protected":false},"featured_media":5225,"comment_status":"open","ping_status":"closed","template":"","meta":[],"product_brand":[],"product_cat":[139],"product_tag":[],"class_list":{"0":"post-5202","1":"product","2":"type-product","3":"status-publish","4":"has-post-thumbnail","6":"product_cat-weihnachten","7":"product_shipping_class-standard","9":"first","10":"instock","11":"taxable","12":"shipping-taxable","13":"purchasable","14":"product-type-variable","15":"has-default-attributes"},"_links":{"self":[{"href":"https:\/\/decomazing.com\/en\/wp-json\/wp\/v2\/product\/5202","targetHints":{"allow":["GET"]}}],"collection":[{"href":"https:\/\/decomazing.com\/en\/wp-json\/wp\/v2\/product"}],"about":[{"href":"https:\/\/decomazing.com\/en\/wp-json\/wp\/v2\/types\/product"}],"replies":[{"embeddable":true,"href":"https:\/\/decomazing.com\/en\/wp-json\/wp\/v2\/comments?post=5202"}],"wp:featuredmedia":[{"embeddable":true,"href":"https:\/\/decomazing.com\/en\/wp-json\/wp\/v2\/media\/5225"}],"wp:attachment":[{"href":"https:\/\/decomazing.com\/en\/wp-json\/wp\/v2\/media?parent=5202"}],"wp:term":[{"taxonomy":"product_brand","embeddable":true,"href":"https:\/\/decomazing.com\/en\/wp-json\/wp\/v2\/product_brand?post=5202"},{"taxonomy":"product_cat","embeddable":true,"href":"https:\/\/decomazing.com\/en\/wp-json\/wp\/v2\/product_cat?post=5202"},{"taxonomy":"product_tag","embeddable":true,"href":"https:\/\/decomazing.com\/en\/wp-json\/wp\/v2\/product_tag?post=5202"}],"curies":[{"name":"wp","href":"https:\/\/api.w.org\/{rel}","templated":true}]}}