{"id":5231,"date":"2020-11-30T12:02:15","date_gmt":"2020-11-30T11:02:15","guid":{"rendered":"https:\/\/decomazing.com\/?post_type=product&#038;p=5231"},"modified":"2024-10-05T20:50:04","modified_gmt":"2024-10-05T18:50:04","slug":"anhaenger-sterne-set","status":"publish","type":"product","link":"https:\/\/decomazing.com\/en\/weihnachten\/anhaenger-sterne-set\/","title":{"rendered":"Anh\u00e4nger Sterne Set"},"content":{"rendered":"<h2>Anh\u00e4nger Sterne Set &#8211; das Glitzern der Sterne<\/h2>\n<p>Die Weihnachtszeit ist die sch\u00f6nste Zeit des Jahres. Drau\u00dfen ist es kalt, es liegt Schnee und wir verbringen viel Zeit daheim. Um auch in den eigenen R\u00e4umen weihnachtliche Stimmung zu verspr\u00fchen, dekorieren wir gerne. Jeder Stern aus unserem Sterne Set kann dank seiner angen\u00e4hten, zarten Faden ganz einfach aufgeh\u00e4ngt werden. Durch ihr Glitzern strahlen sie im ganzen Raum. Unser Sterne Set besteht aus sieben Anh\u00e4ngern in unterschiedlichen Gr\u00f6\u00dfen und Varianten &#8211; mal filigran, mal etwas st\u00e4rker. Diese zeitlose Weihnachts-, bzw. Winterdekoration ist in unserem decomazing Shop in vier Farben erh\u00e4ltlich: Gold, Silber, Ros\u00e9 und in einem romantischen Rosa.<\/p>\n<p>Die Sterne sind vielseitig einsetzbar und ergeben immer ein harmonisches Bild, egal ob im Raum oder am Fenster, z.B. an einem Ast oder in Kombination mit einer Girlande. Eurer Kreativit\u00e4t sind hier keine Grenzen gesetzt! Lasst uns Weihnachtsfreude verbreiten!<\/p>\n<p>Ihr wisst nicht weiter, h\u00e4ttet gern Beratung oder habt eine Frage? Dann nutzt gerne unser <a href=\"https:\/\/decomazing.com\/contact\/\" rel=\"nofollow\" data-schema-attribute=\"\">Kontaktformular<\/a> und wir helfen euch weiter!<\/p>\n<h3>Short Facts: Anh\u00e4nger Sterne Set<\/h3>\n<p><strong>Material:<\/strong> hochwertiges Papier mit Veredelung<br \/>\n<strong><br \/>\nGr\u00f6\u00dfe: <\/strong>19,5 cm, 17 cm, 14,6 cm, 12,2 cm, 11 cm, 10 cm, 8 cm<\/p>\n<p><strong>Lieferumfang:<\/strong> Set bestehend aus sieben Sternen, Faden zum Aufh\u00e4ngen bereits angen\u00e4ht<\/p>\n<p>&nbsp;<\/p>\n\n\t\t\t\t\t<style>\n\t\t\t\t\t\t.ytu_69ebad79c5c14 { width: 100%; height: 100%; }\n\t\t\t\t\t\t.display_bottom.ytu_69ebad79c5c14 .tac_activate { width: 100%; }\n\t\t\t\t\t@media only screen and (max-width: 100%) {\n\t\t\t\t\t\t.display_bottom.ytu_69ebad79c5c14 .tac_activate { width: 100%; }\n\t\t\t\t\t\t.ytu_69ebad79c5c14 { width: 100% !important;}\n\t\t\t\t\t}\n\t\t\t\t\t<\/style><style>.ytu_69ebad79c5c14 .embed-container{width: 100%; position: relative; padding-bottom: unset; height: 100%; } .display_bottom.ytu_69ebad79c5c14 .tac_activate {background: transparent !Important;position: absolute; bottom: 0px;} .display_bottom.ytu_69ebad79c5c14 {position: relative; } <\/style><div class=\"youtube_player display_bottom ytu_69ebad79c5c14 yt_player_dark\" thumb=\"https:\/\/decomazing.com\/wp-content\/dsgvo-all-in-one-for-wp\/thumbnails\/-gWG0ehA_CA\/-gWG0ehA_CA.png\"  videoID=\"-gWG0ehA_CA\" width=\"100%\" height=\"100%\" theme=\"light\" controls=\"1\" rel=\"0\" autoplay=\"0\"><\/div>\n","protected":false},"excerpt":{"rendered":"<p>Mit unseren Sterne-Anh\u00e4ngern verzaubert ihr euer Heim im Handumdrehen in ein Weihnachtsparadies. Jetzt kann Weihnachten kommen!<\/p>\n","protected":false},"featured_media":5330,"comment_status":"open","ping_status":"closed","template":"","meta":[],"product_brand":[],"product_cat":[139],"product_tag":[],"class_list":{"0":"post-5231","1":"product","2":"type-product","3":"status-publish","4":"has-post-thumbnail","6":"product_cat-weihnachten","7":"product_shipping_class-standard","9":"first","10":"instock","11":"taxable","12":"shipping-taxable","13":"purchasable","14":"product-type-variable","15":"has-default-attributes"},"_links":{"self":[{"href":"https:\/\/decomazing.com\/en\/wp-json\/wp\/v2\/product\/5231","targetHints":{"allow":["GET"]}}],"collection":[{"href":"https:\/\/decomazing.com\/en\/wp-json\/wp\/v2\/product"}],"about":[{"href":"https:\/\/decomazing.com\/en\/wp-json\/wp\/v2\/types\/product"}],"replies":[{"embeddable":true,"href":"https:\/\/decomazing.com\/en\/wp-json\/wp\/v2\/comments?post=5231"}],"wp:featuredmedia":[{"embeddable":true,"href":"https:\/\/decomazing.com\/en\/wp-json\/wp\/v2\/media\/5330"}],"wp:attachment":[{"href":"https:\/\/decomazing.com\/en\/wp-json\/wp\/v2\/media?parent=5231"}],"wp:term":[{"taxonomy":"product_brand","embeddable":true,"href":"https:\/\/decomazing.com\/en\/wp-json\/wp\/v2\/product_brand?post=5231"},{"taxonomy":"product_cat","embeddable":true,"href":"https:\/\/decomazing.com\/en\/wp-json\/wp\/v2\/product_cat?post=5231"},{"taxonomy":"product_tag","embeddable":true,"href":"https:\/\/decomazing.com\/en\/wp-json\/wp\/v2\/product_tag?post=5231"}],"curies":[{"name":"wp","href":"https:\/\/api.w.org\/{rel}","templated":true}]}}