{"id":5248,"date":"2020-11-30T12:02:03","date_gmt":"2020-11-30T11:02:03","guid":{"rendered":"https:\/\/decomazing.com\/?post_type=product&#038;p=5248"},"modified":"2024-10-05T20:44:35","modified_gmt":"2024-10-05T18:44:35","slug":"girlande-schneeflocken-3d-200cm","status":"publish","type":"product","link":"https:\/\/decomazing.com\/en\/weihnachten\/girlande-schneeflocken-3d-200cm\/","title":{"rendered":"Girlande Schneeflocken 3D 200cm"},"content":{"rendered":"<h2>Dezente Winterdekoration mit gro\u00dfer Wirkung<\/h2>\n<p>Wer liebt es nicht, das sanfte Glitzern von frisch gefallenem Schnee. Mit unserer Schneeflocken-Girlande mit 3D-Effekt (3-lagig gen\u00e4ht) holt ihr euch den Schnee in jeden Raum eurer Wahl. Je nach Lichteinfall glitzern die einzelnen Schneeflocken. Durch die unterschiedlichen Gr\u00f6\u00dfen der Schneeflocken wirkt es fast so als w\u00fcrden sie gerade vom Himmel fallen.<\/p>\n<p>Unsere zwei Meter lange Schneeflocken-Girlande ist eine wunderbar frostige Dekoration in Wei\u00df, perfekt f\u00fcr jede Winter- oder Frozenparty. Auf jeden Fall passend f\u00fcr jede Eisk\u00f6nigin und jeden Schneemann. Die sch\u00f6nen, winterlichen Ornamente verwandeln spielerisch jede Location, bzw. Raum in ein eigenes Winter Wonderland das zum Tr\u00e4umen einl\u00e4dt.<\/p>\n<p>Ihr wisst nicht weiter, h\u00e4ttet gern Beratung oder habt eine Frage? Dann nutzt gerne unser <a href=\"https:\/\/decomazing.com\/contact\/\" rel=\"nofollow\" data-schema-attribute=\"\">Kontaktformular<\/a> und wir helfen euch weiter!<\/p>\n<h3>Girlande Schneeflocken 3D:<\/h3>\n<p><strong>Material:<\/strong> hochwertiges Papier mit zartem Glanz<br \/>\n<strong><br \/>\nL\u00e4nge: <\/strong>200cm<\/p>\n<p><strong>Lieferumfang:<\/strong> zw\u00f6lf Schneeflocken in drei Gr\u00f6\u00dfen (12cm, 10 cm &amp; 8 cm), 3-lagig gen\u00e4ht<\/p>\n\n\t\t\t\t\t<style>\n\t\t\t\t\t\t.ytu_69eb9a8584013 { width: 100%; height: 100%; }\n\t\t\t\t\t\t.display_bottom.ytu_69eb9a8584013 .tac_activate { width: 100%; }\n\t\t\t\t\t@media only screen and (max-width: 100%) {\n\t\t\t\t\t\t.display_bottom.ytu_69eb9a8584013 .tac_activate { width: 100%; }\n\t\t\t\t\t\t.ytu_69eb9a8584013 { width: 100% !important;}\n\t\t\t\t\t}\n\t\t\t\t\t<\/style><style>.ytu_69eb9a8584013 .embed-container{width: 100%; position: relative; padding-bottom: unset; height: 100%; } .display_bottom.ytu_69eb9a8584013 .tac_activate {background: transparent !Important;position: absolute; bottom: 0px;} .display_bottom.ytu_69eb9a8584013 {position: relative; } <\/style><div class=\"youtube_player display_bottom ytu_69eb9a8584013 yt_player_dark\" thumb=\"https:\/\/decomazing.com\/wp-content\/dsgvo-all-in-one-for-wp\/thumbnails\/9ZnqDpxZjXg\/9ZnqDpxZjXg.png\"  videoID=\"9ZnqDpxZjXg\" width=\"100%\" height=\"100%\" theme=\"light\" controls=\"1\" rel=\"0\" autoplay=\"0\"><\/div>\n","protected":false},"excerpt":{"rendered":"<p>Holt euch wundersch\u00f6ne, sanft glitzernde Schneeflocken nach Hause mit unserer Girlande Schneeflocken 3D. Zaubert euch euer eigenes Winter Wonderland!<\/p>\n","protected":false},"featured_media":5253,"comment_status":"open","ping_status":"closed","template":"","meta":[],"product_brand":[],"product_cat":[139],"product_tag":[],"class_list":{"0":"post-5248","1":"product","2":"type-product","3":"status-publish","4":"has-post-thumbnail","6":"product_cat-weihnachten","7":"product_shipping_class-standard","9":"first","10":"instock","11":"taxable","12":"shipping-taxable","13":"purchasable","14":"product-type-simple"},"_links":{"self":[{"href":"https:\/\/decomazing.com\/en\/wp-json\/wp\/v2\/product\/5248","targetHints":{"allow":["GET"]}}],"collection":[{"href":"https:\/\/decomazing.com\/en\/wp-json\/wp\/v2\/product"}],"about":[{"href":"https:\/\/decomazing.com\/en\/wp-json\/wp\/v2\/types\/product"}],"replies":[{"embeddable":true,"href":"https:\/\/decomazing.com\/en\/wp-json\/wp\/v2\/comments?post=5248"}],"wp:featuredmedia":[{"embeddable":true,"href":"https:\/\/decomazing.com\/en\/wp-json\/wp\/v2\/media\/5253"}],"wp:attachment":[{"href":"https:\/\/decomazing.com\/en\/wp-json\/wp\/v2\/media?parent=5248"}],"wp:term":[{"taxonomy":"product_brand","embeddable":true,"href":"https:\/\/decomazing.com\/en\/wp-json\/wp\/v2\/product_brand?post=5248"},{"taxonomy":"product_cat","embeddable":true,"href":"https:\/\/decomazing.com\/en\/wp-json\/wp\/v2\/product_cat?post=5248"},{"taxonomy":"product_tag","embeddable":true,"href":"https:\/\/decomazing.com\/en\/wp-json\/wp\/v2\/product_tag?post=5248"}],"curies":[{"name":"wp","href":"https:\/\/api.w.org\/{rel}","templated":true}]}}