{"id":5262,"date":"2020-11-30T12:01:50","date_gmt":"2020-11-30T11:01:50","guid":{"rendered":"https:\/\/decomazing.com\/?post_type=product&#038;p=5262"},"modified":"2024-10-05T20:44:39","modified_gmt":"2024-10-05T18:44:39","slug":"merry-christmas-banner-80cm","status":"publish","type":"product","link":"https:\/\/decomazing.com\/en\/weihnachten\/merry-christmas-banner-80cm\/","title":{"rendered":"Merry Christmas Banner 80cm"},"content":{"rendered":"<h2>Frohe Weihnachten! Merry Christmas!<\/h2>\n<p>Was gibt es sch\u00f6neres als die Weihnachtszeit \u2013 drau\u00dfen ist es kalt, es wird fr\u00fcher dunkel und wir freuen uns \u00fcber unser sch\u00f6n geschm\u00fccktes Zuhause das uns auf Weihnachten einstimmt. Eine wunderbare Dekoration ist unser feierlicher Banner \u201eMerry Christmas\u201c. Hier k\u00f6nnt ihr zwischen den Klassikern Gold und Silber w\u00e4hlen. Unser gl\u00e4nzender Schriftzug ist im trendigen Handlettering Stil gestaltet und ist etwa 80 cm breit. Die Buchstaben sind an goldenen, bzw. silbernen Schn\u00fcren angen\u00e4ht, so kann dein Schriftzug nicht verrutschen. Einfach decomazing! Dank der Schn\u00fcre l\u00e4sst sich der Weihnachtsbanner \u00fcbrigens auch ganz leicht aufh\u00e4ngen, bzw. an der Wand anbringen. Da kann Weihnachten doch gar nicht schnell genug kommen!<\/p>\n<p>Ihr wisst nicht weiter, h\u00e4ttet gern Beratung oder habt eine Frage? Dann nutzt gerne unser <a href=\"https:\/\/decomazing.com\/contact\/\" rel=\"nofollow\" data-schema-attribute=\"\">Kontaktformular<\/a> und wir helfen euch weiter!<\/p>\n<h3>Girlande Schneeflocken 3D:<\/h3>\n<p><strong>Material:<\/strong> hochwertiges Papier mit Hot Foil Veredelung<br \/>\n<strong><br \/>\nL\u00e4nge: <\/strong>ca. 80cm<\/p>\n<p><strong>Lieferumfang:<\/strong> Merry Christmas Schriftzug (H\u00f6he ca. 7cm)<\/p>\n<p>&nbsp;<\/p>\n","protected":false},"excerpt":{"rendered":"<p>Der gl\u00e4nzende Schriftzug \u201eMerry Christmas\u201c im Handlettering Design ist eine wunderbare Dekoration f\u00fcr euer Weihnachtsfest. Mit dieser Banner-Girlande verspr\u00fcht ihr Weihnachtsfreude pur!<\/p>\n","protected":false},"featured_media":0,"comment_status":"open","ping_status":"closed","template":"","meta":[],"product_brand":[],"product_cat":[139],"product_tag":[],"class_list":{"0":"post-5262","1":"product","2":"type-product","3":"status-publish","5":"product_cat-weihnachten","6":"product_shipping_class-standard","8":"first","9":"instock","10":"taxable","11":"shipping-taxable","12":"purchasable","13":"product-type-variable"},"_links":{"self":[{"href":"https:\/\/decomazing.com\/en\/wp-json\/wp\/v2\/product\/5262","targetHints":{"allow":["GET"]}}],"collection":[{"href":"https:\/\/decomazing.com\/en\/wp-json\/wp\/v2\/product"}],"about":[{"href":"https:\/\/decomazing.com\/en\/wp-json\/wp\/v2\/types\/product"}],"replies":[{"embeddable":true,"href":"https:\/\/decomazing.com\/en\/wp-json\/wp\/v2\/comments?post=5262"}],"wp:attachment":[{"href":"https:\/\/decomazing.com\/en\/wp-json\/wp\/v2\/media?parent=5262"}],"wp:term":[{"taxonomy":"product_brand","embeddable":true,"href":"https:\/\/decomazing.com\/en\/wp-json\/wp\/v2\/product_brand?post=5262"},{"taxonomy":"product_cat","embeddable":true,"href":"https:\/\/decomazing.com\/en\/wp-json\/wp\/v2\/product_cat?post=5262"},{"taxonomy":"product_tag","embeddable":true,"href":"https:\/\/decomazing.com\/en\/wp-json\/wp\/v2\/product_tag?post=5262"}],"curies":[{"name":"wp","href":"https:\/\/api.w.org\/{rel}","templated":true}]}}