{"id":5271,"date":"2020-11-29T17:03:50","date_gmt":"2020-11-29T16:03:50","guid":{"rendered":"https:\/\/decomazing.com\/?post_type=product&#038;p=5271"},"modified":"2024-10-05T20:44:43","modified_gmt":"2024-10-05T18:44:43","slug":"girlande-schneeflocke-300cm","status":"publish","type":"product","link":"https:\/\/decomazing.com\/en\/weihnachten\/girlande-schneeflocke-300cm\/","title":{"rendered":"Girlande Schneeflocke 300cm"},"content":{"rendered":"<h2>Schneeflocken in H\u00fclle und F\u00fclle<\/h2>\n<p>Liebhaber von dezenter Winterdeko \/ Weihnachtsdekoration kommen hier voll auf ihre Kosten. Unsere Girlande Schneeflocke ist mit einer Gesamtl\u00e4nge von drei Metern und 58 Flocken absolut vielseitig einsetzbar. Jede Schneeflocke hat einen Durchmesser von etwa 5 cm. In unserem Shop k\u00f6nnt ihr zwischen vier Farben w\u00e4hlen: Gold, Ros\u00e9, Silber und Champagner. Ihr k\u00f6nnt die Girlande von der Decke h\u00e4ngend im ganzen Raum verteilen oder auch euren Weihnachtsbaum damit dekorieren.<\/p>\n<p>Unsere Schneeflockengirlande ist die perfekte Winterdeko, auch \u00fcber Weihnachten hinaus, zum Beispiel f\u00fcr den Frozen-Kindergeburtstag mit der Eisk\u00f6nigin. Nat\u00fcrlich l\u00e4sst sie sich auch wunderbar mit unseren anderen decomazing Weihnachtsdekorationen wie dem \u201eAnh\u00e4nger Sterne Set\u201c oder dem \u201eSchneeflocken Set 3D\u201c kombinieren. Lebt eure Weihnachtsdeko-Tr\u00e4ume aus!<\/p>\n<p>Ihr wisst nicht weiter, h\u00e4ttet gern Beratung oder habt eine Frage? Dann nutzt gerne unser <a href=\"https:\/\/decomazing.com\/contact\/\" rel=\"nofollow\" data-schema-attribute=\"\">Kontaktformular<\/a> und wir helfen euch weiter!<\/p>\n\n  <div class=\"banner has-hover\" id=\"banner-1757005387\">\n          <div class=\"banner-inner fill\">\n        <div class=\"banner-bg fill\" >\n                                                \n                    <\/div>\n\t\t\n        <div class=\"banner-layers container\">\n            <div class=\"fill banner-link\"><\/div>            \n   <div id=\"text-box-816796660\" class=\"text-box banner-layer x0 md-x0 lg-x0 y0 md-y0 lg-y0 res-text\">\n                                <div class=\"text-box-content text dark\">\n              \n              <div class=\"text-inner text-left\">\n                  \n<h3>Girlande Schneeflocke 300cm:<\/h3>\n<p><strong>Material:<\/strong> hochwertiges Papier mit Hot Foil Veredelung<br \/>\n<strong><br \/>\nL\u00e4nge: <\/strong>300cm<\/p>\n<p><strong>Lieferumfang:<\/strong> 58 gl\u00e4nzende Schneeflocken (Durchmesser 5 cm)<\/p>\n              <\/div>\n           <\/div>\n                            \n<style>\n#text-box-816796660 .text-box-content {\n  background-color: rgba(0, 201, 167, 0.57);\n  font-size: 100%;\n}\n#text-box-816796660 .text-inner {\n  padding: 10px 10px 10px 10px;\n}\n#text-box-816796660 {\n  width: 60%;\n}\n@media (min-width:550px) {\n  #text-box-816796660 {\n    width: 40%;\n  }\n}\n<\/style>\n    <\/div>\n \n        <\/div>\n      <\/div>\n\n            \n<style>\n#banner-1757005387 {\n  padding-top: 450px;\n  background-color: rgb(255, 255, 255);\n}\n#banner-1757005387 .banner-bg img {\n  object-position: 0% 0%;\n}\n<\/style>\n  <\/div>\n\n\n","protected":false},"excerpt":{"rendered":"<p>Die Girlande Schneeflocke bietet eine einfache, aber effektvolle Dekoration im ganzen Haus, egal ob am Fenster, \u00fcber dem Esstisch oder an der Wand dekoriert in Kombination mit einem Ast. Unsere gl\u00e4nzenden Schneeflocken versetzen euch im Nu in Weihnachtsstimmung.<\/p>\n","protected":false},"featured_media":0,"comment_status":"open","ping_status":"closed","template":"","meta":[],"product_brand":[],"product_cat":[139],"product_tag":[],"class_list":{"0":"post-5271","1":"product","2":"type-product","3":"status-publish","5":"product_cat-weihnachten","6":"product_shipping_class-standard","8":"first","9":"instock","10":"taxable","11":"shipping-taxable","12":"purchasable","13":"product-type-variable"},"_links":{"self":[{"href":"https:\/\/decomazing.com\/en\/wp-json\/wp\/v2\/product\/5271","targetHints":{"allow":["GET"]}}],"collection":[{"href":"https:\/\/decomazing.com\/en\/wp-json\/wp\/v2\/product"}],"about":[{"href":"https:\/\/decomazing.com\/en\/wp-json\/wp\/v2\/types\/product"}],"replies":[{"embeddable":true,"href":"https:\/\/decomazing.com\/en\/wp-json\/wp\/v2\/comments?post=5271"}],"wp:attachment":[{"href":"https:\/\/decomazing.com\/en\/wp-json\/wp\/v2\/media?parent=5271"}],"wp:term":[{"taxonomy":"product_brand","embeddable":true,"href":"https:\/\/decomazing.com\/en\/wp-json\/wp\/v2\/product_brand?post=5271"},{"taxonomy":"product_cat","embeddable":true,"href":"https:\/\/decomazing.com\/en\/wp-json\/wp\/v2\/product_cat?post=5271"},{"taxonomy":"product_tag","embeddable":true,"href":"https:\/\/decomazing.com\/en\/wp-json\/wp\/v2\/product_tag?post=5271"}],"curies":[{"name":"wp","href":"https:\/\/api.w.org\/{rel}","templated":true}]}}