{"id":5990,"date":"2021-11-01T14:53:58","date_gmt":"2021-11-01T13:53:58","guid":{"rendered":"https:\/\/decomazing.com\/?post_type=product&#038;p=5990"},"modified":"2021-11-01T14:54:09","modified_gmt":"2021-11-01T13:54:09","slug":"papierlaternen-sets-mixed-kunterbunt-in-vielen-groessen","status":"publish","type":"product","link":"https:\/\/decomazing.com\/en\/partysets\/papierlaternen-sets-mixed-kunterbunt-in-vielen-groessen\/","title":{"rendered":"Papierlaternen Sets &#8211; Mixed &#8211; Kunterbunt in vielen Gr\u00f6\u00dfen"},"content":{"rendered":"<p>Papierlaternen Set &#8211; Kunterbunt &#8211; 7 Lampions<\/p>\n<p>Laternen als farbenfrohe Dekohighlights<br \/>\nEgal ob drau\u00dfen im Freien oder in geschlossenen R\u00e4umen &#8211; mit Laternen als Dekorationshighlights trefft ihr immer die richtige Wahl. Unsere Papierlaternen erzeugen im Handumdrehen eine passende, stimmungsvolle Dekoration f\u00fcr jede Feier! Dank unserer gro\u00dfen Farb- und Gr\u00f6\u00dfenauswahl ist garantiert genau das richtige f\u00fcr jede Hochzeit, jeden Geburtstag, jede Party dabei. Besonders unsere gemusterten Laternen sind ein absoluter Eyecatcher! Die sch\u00f6nen Laternen lassen sich wunderbar mit Lichterketten kombinieren und zaubern besonders am Abend wunderbare Lichteffekte &#8211; f\u00fcr ein stimmungsvolles Ambiente. Alle Papierlaternen sehen einzeln, aber auch als Girlande super aus &#8211; je nach euren Vorstellungen! Macht eure Feierlichkeit einfach decomazing!<\/p>\n<p>Unsere Laternen, oder auch Lampions genannt, sind nat\u00fcrlich auch im Set oder in Kombination mit unseren anderen Deko-Artikeln erh\u00e4ltlich! Schaut einfach in unserer Kategorie &#8220;Partysets&#8221; vorbei und lasst euch inspirieren!<\/p>\n<p>Hinweis: ausschlie\u00dflich als Dekoration geeignet \/ niemals mit Kerzen verwenden! Nicht wetterfest!<\/p>\n","protected":false},"excerpt":{"rendered":"<p>Papierlaternen Sets &#8211; Mixed &#8211; Kunterbunt in vielen Gr\u00f6\u00dfen<\/p>\n","protected":false},"featured_media":0,"comment_status":"open","ping_status":"closed","template":"","meta":[],"product_brand":[],"product_cat":[81],"product_tag":[],"class_list":{"0":"post-5990","1":"product","2":"type-product","3":"status-publish","5":"product_cat-partysets","6":"product_shipping_class-standard","7":"pa_groesse-15cm","8":"pa_groesse-20cm","9":"pa_groesse-30cm","11":"first","12":"instock","13":"taxable","14":"shipping-taxable","15":"purchasable","16":"product-type-variable"},"_links":{"self":[{"href":"https:\/\/decomazing.com\/en\/wp-json\/wp\/v2\/product\/5990","targetHints":{"allow":["GET"]}}],"collection":[{"href":"https:\/\/decomazing.com\/en\/wp-json\/wp\/v2\/product"}],"about":[{"href":"https:\/\/decomazing.com\/en\/wp-json\/wp\/v2\/types\/product"}],"replies":[{"embeddable":true,"href":"https:\/\/decomazing.com\/en\/wp-json\/wp\/v2\/comments?post=5990"}],"wp:attachment":[{"href":"https:\/\/decomazing.com\/en\/wp-json\/wp\/v2\/media?parent=5990"}],"wp:term":[{"taxonomy":"product_brand","embeddable":true,"href":"https:\/\/decomazing.com\/en\/wp-json\/wp\/v2\/product_brand?post=5990"},{"taxonomy":"product_cat","embeddable":true,"href":"https:\/\/decomazing.com\/en\/wp-json\/wp\/v2\/product_cat?post=5990"},{"taxonomy":"product_tag","embeddable":true,"href":"https:\/\/decomazing.com\/en\/wp-json\/wp\/v2\/product_tag?post=5990"}],"curies":[{"name":"wp","href":"https:\/\/api.w.org\/{rel}","templated":true}]}}