{"id":6000,"date":"2021-11-01T14:54:01","date_gmt":"2021-11-01T13:54:01","guid":{"rendered":"https:\/\/decomazing.com\/?post_type=product&#038;p=6000"},"modified":"2024-10-05T20:39:25","modified_gmt":"2024-10-05T18:39:25","slug":"wabenball-mix-blume-pastell-12er","status":"publish","type":"product","link":"https:\/\/decomazing.com\/en\/partysets\/wabenball-mix-blume-pastell-12er\/","title":{"rendered":"Wabenball Mix &#8211; Blume PASTELL 12er"},"content":{"rendered":"<h2>Romantische Dekoration mit Wabenball Blume PASTELL 12er<\/h2>\n<p>Wabenballblumen, egal ob bunt oder farblich aufeinander abgestimmt, k\u00f6nnen auf einfache Art den Raum in ein stimmungsvolles, romantisches Ambiente verwandeln. Unsere Wabenblumen sind in verschiedenen Gr\u00f6\u00dfen und vielen Farben erh\u00e4ltlich. Mit Wabenblumen schafft ihr ohne gro\u00dfen Zeitaufwand das passende Flair f\u00fcr eure Hochzeit, Babyshower, Taufe oder eure Geburtstagsparty. Egal ob im Garten oder im Raum &#8211; unsere Wabenblumen sind echte Eyecatcher!<\/p>\n<p>Je nach Anlass mischt ihr am besten verschiedene Gr\u00f6\u00dfen und Farben f\u00fcr den besonderen Wow-Effekt! Kreiert eure eigene decomazing-Party!<\/p>\n<p>Auch erh\u00e4ltlich in diversen Sets z.B. farblich abgestimmt, verschiedene Gr\u00f6\u00dfen, u.v.m.!<\/p>\n<p>Ein weiterer Geheimtipp: Unsere decomazing Wabenballblumen sind die ideale Alternative zu filigranen Pom Poms! Sie werden flach geliefert und lassen sich somit auch mehrmals verwenden! Daf\u00fcr nutzt ihr am besten B\u00fcroklammern, dann k\u00f6nnt ihr sie nach eurer Feier platzsparend zusammenfalten und aufbewahren.<\/p>\n<h3><\/h3>\n<h3>Short Facts: Wabenball Mix &#8211; Blume PASTELL 12er<\/h3>\n<p><strong>Material:<\/strong> Seidenpapier<\/p>\n<p><strong>Lieferumfang:<\/strong><br \/>\n3 x Wabenball 20cm (Creme, Hellblau, Hellrosa, Hellgr\u00fcn)<br \/>\n3 x Wabenball 30cm (Creme, Hellblau, Hellrosa, Hellgr\u00fcn)<br \/>\n3 x Wabenball 40cm (Creme, Hellblau, Hellrosa, Hellgr\u00fcn)<\/p>\n<p><strong>Geeignet f\u00fcr:<\/strong> Hochzeit (z.B. als Hintergrund einer Candy Bar oder Photo Booth), Taufe, Geburtstag, Babyshower, u.v.m.!<\/p>\n<p><strong>Hinweis:<\/strong> ausschlie\u00dflich als Dekoration geeignet \/ niemals mit Kerzen verwenden! Nicht wetterfest!<\/p>\n","protected":false},"excerpt":{"rendered":"<p>Wabenball Mix &#8211; Blume PASTELL 12er<\/p>\n","protected":false},"featured_media":5791,"comment_status":"open","ping_status":"closed","template":"","meta":[],"product_brand":[],"product_cat":[81],"product_tag":[],"class_list":{"0":"post-6000","1":"product","2":"type-product","3":"status-publish","4":"has-post-thumbnail","6":"product_cat-partysets","7":"product_shipping_class-standard","9":"first","10":"instock","11":"taxable","12":"shipping-taxable","13":"purchasable","14":"product-type-simple"},"_links":{"self":[{"href":"https:\/\/decomazing.com\/en\/wp-json\/wp\/v2\/product\/6000","targetHints":{"allow":["GET"]}}],"collection":[{"href":"https:\/\/decomazing.com\/en\/wp-json\/wp\/v2\/product"}],"about":[{"href":"https:\/\/decomazing.com\/en\/wp-json\/wp\/v2\/types\/product"}],"replies":[{"embeddable":true,"href":"https:\/\/decomazing.com\/en\/wp-json\/wp\/v2\/comments?post=6000"}],"wp:featuredmedia":[{"embeddable":true,"href":"https:\/\/decomazing.com\/en\/wp-json\/wp\/v2\/media\/5791"}],"wp:attachment":[{"href":"https:\/\/decomazing.com\/en\/wp-json\/wp\/v2\/media?parent=6000"}],"wp:term":[{"taxonomy":"product_brand","embeddable":true,"href":"https:\/\/decomazing.com\/en\/wp-json\/wp\/v2\/product_brand?post=6000"},{"taxonomy":"product_cat","embeddable":true,"href":"https:\/\/decomazing.com\/en\/wp-json\/wp\/v2\/product_cat?post=6000"},{"taxonomy":"product_tag","embeddable":true,"href":"https:\/\/decomazing.com\/en\/wp-json\/wp\/v2\/product_tag?post=6000"}],"curies":[{"name":"wp","href":"https:\/\/api.w.org\/{rel}","templated":true}]}}