{"id":6006,"date":"2021-11-01T14:54:02","date_gmt":"2021-11-01T13:54:02","guid":{"rendered":"https:\/\/decomazing.com\/?post_type=product&#038;p=6006"},"modified":"2024-10-05T20:39:09","modified_gmt":"2024-10-05T18:39:09","slug":"baumschmuck-weihnachtsanhaenger-ball","status":"publish","type":"product","link":"https:\/\/decomazing.com\/en\/weihnachten\/baumschmuck-weihnachtsanhaenger-ball\/","title":{"rendered":"Baumschmuck Weihnachtsanh\u00e4nger &#8211; Ball"},"content":{"rendered":"<h2>Baumschmuck Weihnachtsanh\u00e4nger &#8211; Ball<\/h2>\n<p>Oh Tannenbaum, oh Tannenbaum&#8230;kaum ein anderes Symbol steht so sehr f\u00fcr Weihnachten wie der Weihnachtsbaum. Unser Anh\u00e4nger aus Wabenpapier ist die ideale Dekoration um euch in Weihnachtsstimmung zu versetzen.<\/p>\n<p>Stilvolle Weihnachtsdeko<\/p>\n<p>Unser Tannenbaum aus formstabilem Papier wird euch im Handumdrehen verzaubern! Egal ob stehend auf dem festlich gedeckten Tisch, h\u00e4ngend an eurem Weihnachtsbaum oder schlicht als Teil eures weihnachtlichen Stilllebens auf dem Sideboard, der decomazing Weihnachtsanh\u00e4nger aus Wabenpapier sollte nicht fehlen. Diese weihnachtliche Variante des Wabenballs hat auch noch den Vorteil, dass man keine Angst haben muss, falls der Baum mal runterf\u00e4llt. Ihr k\u00f6nnt ihn auch platzsparend aufbewahren. Dieser elegante Baumschmuck h\u00e4lt allein durch einen Magneten, der geschickt in das Papier eingearbeitet wurde. Einfach decomazing!<\/p>\n<p>Unsere B\u00e4umchen k\u00f6nnt ihr in vier Farben erwerben: Cremewei\u00df, Champagner, Dunkelgr\u00fcn und Dunkelrot. Sie sind zehn cm hoch und haben einen Durchmesser von etwa acht cm. Mit Hilfe des integrierten B\u00e4ndchens in Gold, k\u00f6nnt ihr den Baum problemlos an eurem Weihnachtsbaum befestigen. Einfarbig und -formig ist euch zu langweilig? Dann k\u00f6nnt ihr ihn mit unseren anderen Weihnachtsanh\u00e4ngern ganz einfach und stilvoll kombinieren.<\/p>\n<p>Ihr habt Fragen zu diesem Produkt? Dann k\u00f6nnt ihr uns nat\u00fcrlich gerne \u00fcber unser Kontaktformular kontaktieren.<\/p>\n<h3>Short Facts: Baumschmuck Weihnachtsanh\u00e4nger &#8211; Ball<\/h3>\n<p><strong>Material:<\/strong> hochwertiges Papier inklusive Magnet<\/p>\n<p><strong>Lieferumfang:<\/strong> ein Weihnachtsanh\u00e4nger Tannenbaum mit Band zur Aufh\u00e4ngung<\/p>\n<p><strong>Ma\u00dfe:<\/strong> \u00d8 ca. 8 cm, H\u00f6he ca. 10 cm<\/p>\n","protected":false},"excerpt":{"rendered":"<p>Baumschmuck Weihnachtsanh\u00e4nger als Ball in vielen festlichen Farben! Verzaubert jeden Weihnachtsbaum und Raum<\/p>\n","protected":false},"featured_media":5881,"comment_status":"open","ping_status":"closed","template":"","meta":[],"product_brand":[],"product_cat":[139],"product_tag":[],"class_list":{"0":"post-6006","1":"product","2":"type-product","3":"status-publish","4":"has-post-thumbnail","6":"product_cat-weihnachten","7":"product_shipping_class-standard","9":"first","10":"instock","11":"taxable","12":"shipping-taxable","13":"purchasable","14":"product-type-variable","15":"has-default-attributes"},"_links":{"self":[{"href":"https:\/\/decomazing.com\/en\/wp-json\/wp\/v2\/product\/6006","targetHints":{"allow":["GET"]}}],"collection":[{"href":"https:\/\/decomazing.com\/en\/wp-json\/wp\/v2\/product"}],"about":[{"href":"https:\/\/decomazing.com\/en\/wp-json\/wp\/v2\/types\/product"}],"replies":[{"embeddable":true,"href":"https:\/\/decomazing.com\/en\/wp-json\/wp\/v2\/comments?post=6006"}],"wp:featuredmedia":[{"embeddable":true,"href":"https:\/\/decomazing.com\/en\/wp-json\/wp\/v2\/media\/5881"}],"wp:attachment":[{"href":"https:\/\/decomazing.com\/en\/wp-json\/wp\/v2\/media?parent=6006"}],"wp:term":[{"taxonomy":"product_brand","embeddable":true,"href":"https:\/\/decomazing.com\/en\/wp-json\/wp\/v2\/product_brand?post=6006"},{"taxonomy":"product_cat","embeddable":true,"href":"https:\/\/decomazing.com\/en\/wp-json\/wp\/v2\/product_cat?post=6006"},{"taxonomy":"product_tag","embeddable":true,"href":"https:\/\/decomazing.com\/en\/wp-json\/wp\/v2\/product_tag?post=6006"}],"curies":[{"name":"wp","href":"https:\/\/api.w.org\/{rel}","templated":true}]}}