{"id":6016,"date":"2021-11-01T14:54:02","date_gmt":"2021-11-01T13:54:02","guid":{"rendered":"https:\/\/decomazing.com\/?post_type=product&#038;p=6016"},"modified":"2024-10-05T20:34:33","modified_gmt":"2024-10-05T18:34:33","slug":"baumschmuck-weihnachtsanhaenger-kugel","status":"publish","type":"product","link":"https:\/\/decomazing.com\/en\/weihnachten\/baumschmuck-weihnachtsanhaenger-kugel\/","title":{"rendered":"Baumschmuck Weihnachtsanh\u00e4nger &#8211; Kugel"},"content":{"rendered":"<h2>Baumschmuck Weihnachtsanh\u00e4nger &#8211; Kugel<\/h2>\n<p>Stilvoll dekorieren gelingt im Handumdrehen mit unserem Weihnachtsanh\u00e4nger &#8220;Kugel&#8221; aus formfestem Wabenpapier. Die edle Form macht sowohl am Weihnachtsbaum als auch im Raum oder in einer Schale eine gute Figur.<\/p>\n<p>Edle Weihnachtsdekoration aus Papier<\/p>\n<p>Unsere weihnachtliche Deko-Kugel f\u00fcgt sich nahtlos in jede Weihnachtsdekoration ein, ganz unabh\u00e4ngig von eurem Stil. Der Weihnachtsanh\u00e4nger aus Wabenpapier ist zeitlos, stilvoll, elegant und gleichzeitig auch modern und schlicht. Ein echter Allrounder sozusagen. Unsere Weihnachtskugel versch\u00f6nert jeden Baum, jeden Raum, jede Dekoration &#8211; ein absolutes Must-Have in der Weihnachtsdeko! Ihre sanft geschwungene Form l\u00e4sst sich auch wunderbar mit unseren anderen Baumschmuck-Anh\u00e4ngern kombinieren. So kreiert ihr im Nu wahre weihnachtliche Eyecatcher die nicht nur euch selbst, sondern auch eure G\u00e4ste verzaubern. Probiert es aus! Unsere Kugel wird flach geliefert und kann nach der Weihnachtszeit genau so wieder in eurer Dekokiste verstaut werden. Praktisch, oder?<\/p>\n<p>Bei Fragen k\u00f6nnt ihr uns nat\u00fcrlich gerne \u00fcber unser Kontaktformular kontaktieren.<\/p>\n<h3>Short Facts: Baumschmuck Weihnachtsanh\u00e4nger &#8211; Kugel<\/h3>\n<p><strong>Material:<\/strong> hochwertiges Papier inklusive Magnet<\/p>\n<p><strong>Lieferumfang:<\/strong> ein Weihnachtsanh\u00e4nger Kugel mit Band zur Aufh\u00e4ngung<\/p>\n<p><strong>Ma\u00dfe:<\/strong> \u00d8 ca. 11 cm, H\u00f6he ca. 10,5 cm<\/p>\n","protected":false},"excerpt":{"rendered":"<p>Baumschmuck Weihnachtsanh\u00e4nger in Kugel Form. Die edle Form verzaubert am Weihnachtsbaum als auch im Raum oder auf dem Tisch<\/p>\n","protected":false},"featured_media":5903,"comment_status":"open","ping_status":"closed","template":"","meta":[],"product_brand":[],"product_cat":[139],"product_tag":[],"class_list":{"0":"post-6016","1":"product","2":"type-product","3":"status-publish","4":"has-post-thumbnail","6":"product_cat-weihnachten","7":"product_shipping_class-standard","9":"first","10":"instock","11":"taxable","12":"shipping-taxable","13":"purchasable","14":"product-type-variable","15":"has-default-attributes"},"_links":{"self":[{"href":"https:\/\/decomazing.com\/en\/wp-json\/wp\/v2\/product\/6016","targetHints":{"allow":["GET"]}}],"collection":[{"href":"https:\/\/decomazing.com\/en\/wp-json\/wp\/v2\/product"}],"about":[{"href":"https:\/\/decomazing.com\/en\/wp-json\/wp\/v2\/types\/product"}],"replies":[{"embeddable":true,"href":"https:\/\/decomazing.com\/en\/wp-json\/wp\/v2\/comments?post=6016"}],"wp:featuredmedia":[{"embeddable":true,"href":"https:\/\/decomazing.com\/en\/wp-json\/wp\/v2\/media\/5903"}],"wp:attachment":[{"href":"https:\/\/decomazing.com\/en\/wp-json\/wp\/v2\/media?parent=6016"}],"wp:term":[{"taxonomy":"product_brand","embeddable":true,"href":"https:\/\/decomazing.com\/en\/wp-json\/wp\/v2\/product_brand?post=6016"},{"taxonomy":"product_cat","embeddable":true,"href":"https:\/\/decomazing.com\/en\/wp-json\/wp\/v2\/product_cat?post=6016"},{"taxonomy":"product_tag","embeddable":true,"href":"https:\/\/decomazing.com\/en\/wp-json\/wp\/v2\/product_tag?post=6016"}],"curies":[{"name":"wp","href":"https:\/\/api.w.org\/{rel}","templated":true}]}}