{"id":6110,"date":"2021-11-01T16:44:59","date_gmt":"2021-11-01T15:44:59","guid":{"rendered":"https:\/\/decomazing.com\/?post_type=product&#038;p=6110"},"modified":"2024-10-05T20:34:33","modified_gmt":"2024-10-05T18:34:33","slug":"lampion-papierlaterne-3er-set","status":"publish","type":"product","link":"https:\/\/decomazing.com\/en\/partysets\/lampion-papierlaterne-3er-set\/","title":{"rendered":"Lampion \/ Papierlaterne 3er Set &#8211; viele Farben"},"content":{"rendered":"<h2>Laternen als farbenfrohe Dekohighlights &#8211; Lampion \/ Papierlaterne 3er Set<\/h2>\n<p>Egal ob drau\u00dfen im Freien oder in geschlossenen R\u00e4umen &#8211; mit Laternen als Dekorationshighlights trefft ihr immer die richtige Wahl. Unsere Papierlaternen erzeugen im Handumdrehen eine passende, stimmungsvolle Dekoration f\u00fcr jede Feier! Dank unserer gro\u00dfen Farb- und Gr\u00f6\u00dfenauswahl ist garantiert genau das richtige f\u00fcr jede Hochzeit, jeden Geburtstag, jede Party dabei. Die sch\u00f6nen Laternen lassen sich wunderbar mit Lichterketten kombinieren und zaubern besonders am Abend wunderbare Lichteffekte &#8211; f\u00fcr ein stimmungsvolles Ambiente. Alle Papierlaternen sehen einzeln, aber auch als Girlande super aus &#8211; je nach euren Vorstellungen! Macht eure Feierlichkeit einfach decomazing!<\/p>\n<p>Unsere Laternen, oder auch Lampions genannt, sind nat\u00fcrlich auch im Set oder in Kombination mit unseren anderen Deko-Artikeln erh\u00e4ltlich! Schaut einfach in unserer Kategorie &#8220;Partysets&#8221; vorbei und lasst euch inspirieren!<\/p>\n<h3>Short Facts: Lampion \/ Papierlaterne 3er Set<\/h3>\n<p><strong>Material:<\/strong> Seidenpapier<\/p>\n<p><strong>Lieferumfang:<\/strong><br \/>\n1 x Papierlaterne 15cm<br \/>\n1 x Papierlaterne 20cm<br \/>\n1 x Papierlaterne 30cm<\/p>\n<p><strong>Geeignet f\u00fcr:<\/strong> Hochzeit (z.B. als Hintergrund einer Candy Bar oder Photo Booth), Taufe, Geburtstag, Babyshower, u.v.m.!<\/p>\n<p><strong>Hinweis:<\/strong> ausschlie\u00dflich als Dekoration geeignet \/ niemals mit Kerzen verwenden! Nicht wetterfest!<\/p>\n","protected":false},"excerpt":{"rendered":"<p>Lampion \/ Papierlaterne 3er Set &#8211; viele Farben<\/p>\n","protected":false},"featured_media":5627,"comment_status":"open","ping_status":"closed","template":"","meta":[],"product_brand":[],"product_cat":[81],"product_tag":[],"class_list":{"0":"post-6110","1":"product","2":"type-product","3":"status-publish","4":"has-post-thumbnail","6":"product_cat-partysets","7":"product_shipping_class-standard","9":"first","10":"instock","11":"taxable","12":"shipping-taxable","13":"purchasable","14":"product-type-variable","15":"has-default-attributes"},"_links":{"self":[{"href":"https:\/\/decomazing.com\/en\/wp-json\/wp\/v2\/product\/6110","targetHints":{"allow":["GET"]}}],"collection":[{"href":"https:\/\/decomazing.com\/en\/wp-json\/wp\/v2\/product"}],"about":[{"href":"https:\/\/decomazing.com\/en\/wp-json\/wp\/v2\/types\/product"}],"replies":[{"embeddable":true,"href":"https:\/\/decomazing.com\/en\/wp-json\/wp\/v2\/comments?post=6110"}],"wp:featuredmedia":[{"embeddable":true,"href":"https:\/\/decomazing.com\/en\/wp-json\/wp\/v2\/media\/5627"}],"wp:attachment":[{"href":"https:\/\/decomazing.com\/en\/wp-json\/wp\/v2\/media?parent=6110"}],"wp:term":[{"taxonomy":"product_brand","embeddable":true,"href":"https:\/\/decomazing.com\/en\/wp-json\/wp\/v2\/product_brand?post=6110"},{"taxonomy":"product_cat","embeddable":true,"href":"https:\/\/decomazing.com\/en\/wp-json\/wp\/v2\/product_cat?post=6110"},{"taxonomy":"product_tag","embeddable":true,"href":"https:\/\/decomazing.com\/en\/wp-json\/wp\/v2\/product_tag?post=6110"}],"curies":[{"name":"wp","href":"https:\/\/api.w.org\/{rel}","templated":true}]}}