{"id":6119,"date":"2021-11-01T16:45:00","date_gmt":"2021-11-01T15:45:00","guid":{"rendered":"https:\/\/decomazing.com\/?post_type=product&#038;p=6119"},"modified":"2024-10-05T20:29:21","modified_gmt":"2024-10-05T18:29:21","slug":"papierfaecher-15-set-sommermix","status":"publish","type":"product","link":"https:\/\/decomazing.com\/en\/partysets\/papierfaecher-15-set-sommermix\/","title":{"rendered":"Papierf\u00e4cher 15 Set &#8211; Sommermix"},"content":{"rendered":"<h2>Zauberhafte Dekoration mit Papierf\u00e4chern &#8211; Sommermix<\/h2>\n<p>Einfach, aber wirkungsvoll &#8211; das sind unsere Papierf\u00e4cher! Dekof\u00e4cher in verschiedenen Gr\u00f6\u00dfen und Designs, kombiniert mit unterschiedlichen Farben, machen deine Feier einfach decomazing! Von schlicht bis verspielt, bei uns findet ihr alles was das Dekoherz begehrt! Egal ob Hochzeit, Babyshower, Gartenparty, Taufe oder Geburtstag &#8211; mit unseren Dekof\u00e4chern entsteht im Handumdrehen ein einladendes Ambiente. Besonders gro\u00dfe R\u00e4ume lassen sich auf diese Weise spielerisch und effektvoll dekorieren, beispielsweise als stimmungsvoller Blickfang einer Candy Bar. Come and join the party!<\/p>\n<p>Und das beste ist &#8211; ihr k\u00f6nnt unsere Papierf\u00e4cher ganz einfach wieder und wieder und wieder verwenden! Sie lassen sich platzsparend verstauen und k\u00f6nnen bei passender Gelegenheit einfach wieder genutzt werden! Am besten nutzt ihr daf\u00fcr B\u00fcroklammern anstelle von Klebestreifen. Einfach decomazing!<br \/>\nWie das genau funktioniert seht ihr hier in unserem Tutorial-Video.<\/p>\n<p>&nbsp;<\/p>\n<h3>Short Facts: Papierf\u00e4cher 15 Set &#8211; Sommermix<\/h3>\n<p><strong>Material:<\/strong> Seidenpapier<\/p>\n<p><strong>Lieferumfang:<\/strong><br \/>\n5 x 20cm Papierf\u00e4cher<br \/>\n5 x 30cm Papierf\u00e4chere<br \/>\n5 x 40cm Papierf\u00e4cher<\/p>\n<p><strong>Geeignet f\u00fcr:<\/strong> Hochzeit (z.B. als Hintergrund einer Candy Bar oder Photo Booth), Taufe, Geburtstag, Babyshower, u.v.m.!<\/p>\n<p><strong>Hinweis:<\/strong> ausschlie\u00dflich als Dekoration geeignet \/ niemals mit Kerzen verwenden! Nicht wetterfest!<\/p>\n","protected":false},"excerpt":{"rendered":"<p>Papierf\u00e4cher 15 Set &#8211; Sommermix<\/p>\n","protected":false},"featured_media":5587,"comment_status":"open","ping_status":"closed","template":"","meta":[],"product_brand":[],"product_cat":[81],"product_tag":[],"class_list":{"0":"post-6119","1":"product","2":"type-product","3":"status-publish","4":"has-post-thumbnail","6":"product_cat-partysets","7":"product_shipping_class-standard","9":"first","10":"instock","11":"taxable","12":"shipping-taxable","13":"purchasable","14":"product-type-simple"},"_links":{"self":[{"href":"https:\/\/decomazing.com\/en\/wp-json\/wp\/v2\/product\/6119","targetHints":{"allow":["GET"]}}],"collection":[{"href":"https:\/\/decomazing.com\/en\/wp-json\/wp\/v2\/product"}],"about":[{"href":"https:\/\/decomazing.com\/en\/wp-json\/wp\/v2\/types\/product"}],"replies":[{"embeddable":true,"href":"https:\/\/decomazing.com\/en\/wp-json\/wp\/v2\/comments?post=6119"}],"wp:featuredmedia":[{"embeddable":true,"href":"https:\/\/decomazing.com\/en\/wp-json\/wp\/v2\/media\/5587"}],"wp:attachment":[{"href":"https:\/\/decomazing.com\/en\/wp-json\/wp\/v2\/media?parent=6119"}],"wp:term":[{"taxonomy":"product_brand","embeddable":true,"href":"https:\/\/decomazing.com\/en\/wp-json\/wp\/v2\/product_brand?post=6119"},{"taxonomy":"product_cat","embeddable":true,"href":"https:\/\/decomazing.com\/en\/wp-json\/wp\/v2\/product_cat?post=6119"},{"taxonomy":"product_tag","embeddable":true,"href":"https:\/\/decomazing.com\/en\/wp-json\/wp\/v2\/product_tag?post=6119"}],"curies":[{"name":"wp","href":"https:\/\/api.w.org\/{rel}","templated":true}]}}