{"id":6172,"date":"2021-11-01T16:45:24","date_gmt":"2021-11-01T15:45:24","guid":{"rendered":"https:\/\/decomazing.com\/?post_type=product&#038;p=6172"},"modified":"2024-10-05T20:29:30","modified_gmt":"2024-10-05T18:29:30","slug":"papierfaecher-sets-viele-farben-groessen","status":"publish","type":"product","link":"https:\/\/decomazing.com\/en\/partysets\/papierfaecher-sets-viele-farben-groessen\/","title":{"rendered":"Papierf\u00e4cher 3er \/ 9er \/ 12er \/ 15er Sets &#8211; viele Farben &#038; Gr\u00f6\u00dfen"},"content":{"rendered":"<h2>Papierf\u00e4cher Set &#8211; viele zauberhafte Farben &amp; Gr\u00f6\u00dfen<\/h2>\n<p>Zauberhafte Dekoration mit Papierf\u00e4chern<br \/>\nEinfach, aber wirkungsvoll &#8211; das sind unsere Papierf\u00e4cher! Dekof\u00e4cher in verschiedenen Gr\u00f6\u00dfen und Designs, kombiniert mit unterschiedlichen Farben, machen deine Feier einfach decomazing! Von schlicht bis verspielt, bei uns findet ihr alles was das Dekoherz begehrt! Egal ob Hochzeit, Babyshower, Gartenparty, Taufe oder Geburtstag &#8211; mit unseren Dekof\u00e4chern entsteht im Handumdrehen ein einladendes Ambiente. Besonders gro\u00dfe R\u00e4ume lassen sich auf diese Weise spielerisch und effektvoll dekorieren, beispielsweise als stimmungsvoller Blickfang einer Candy Bar. Come and join the party!<\/p>\n<p>Und das beste ist &#8211; ihr k\u00f6nnt unsere Papierf\u00e4cher ganz einfach wieder und wieder und wieder verwenden! Sie lassen sich platzsparend verstauen und k\u00f6nnen bei passender Gelegenheit einfach wieder genutzt werden! Am besten nutzt ihr daf\u00fcr B\u00fcroklammern anstelle von Klebestreifen. Einfach decomazing!<br \/>\nWie das genau funktioniert seht ihr hier in unserem Tutorial-Video.<\/p>\n<p>&nbsp;<\/p>\n<h3>Short Facts: Papierf\u00e4cher 3er \/ 9er \/ 12er \/ 15er Sets<\/h3>\n<p><strong>Material:<\/strong> Seidenpapier<\/p>\n<p><strong>Gr\u00f6\u00dfe:<\/strong> nach Auswahl<\/p>\n<p><strong>Lieferumfang:<\/strong> Anzahl und Farbe nach Auswahl \u2013 inklusive kleinem Band und ggf. Klebestreifen zur einfachen Anbringung und Aufh\u00e4ngung<\/p>\n<p><strong>Geeignet f\u00fcr:<\/strong> Hochzeit (z.B. als Hintergrund einer Candy Bar oder Photo Booth), Taufe, Geburtstag, Babyshower, u.v.m.!<\/p>\n<p><strong>Hinweis:<\/strong> ausschlie\u00dflich als Dekoration geeignet \/ niemals mit Kerzen verwenden! Nicht wetterfest!<\/p>\n","protected":false},"excerpt":{"rendered":"<p>Papierf\u00e4cher Sets 3er \/ 9er \/ 12er \/ 15er Sets &#8211; viele Farben &amp; Gr\u00f6\u00dfen<\/p>\n","protected":false},"featured_media":5575,"comment_status":"open","ping_status":"closed","template":"","meta":[],"product_brand":[],"product_cat":[81],"product_tag":[],"class_list":{"0":"post-6172","1":"product","2":"type-product","3":"status-publish","4":"has-post-thumbnail","6":"product_cat-partysets","7":"product_shipping_class-standard","9":"first","10":"instock","11":"taxable","12":"shipping-taxable","13":"purchasable","14":"product-type-variable","15":"has-default-attributes"},"_links":{"self":[{"href":"https:\/\/decomazing.com\/en\/wp-json\/wp\/v2\/product\/6172","targetHints":{"allow":["GET"]}}],"collection":[{"href":"https:\/\/decomazing.com\/en\/wp-json\/wp\/v2\/product"}],"about":[{"href":"https:\/\/decomazing.com\/en\/wp-json\/wp\/v2\/types\/product"}],"replies":[{"embeddable":true,"href":"https:\/\/decomazing.com\/en\/wp-json\/wp\/v2\/comments?post=6172"}],"wp:featuredmedia":[{"embeddable":true,"href":"https:\/\/decomazing.com\/en\/wp-json\/wp\/v2\/media\/5575"}],"wp:attachment":[{"href":"https:\/\/decomazing.com\/en\/wp-json\/wp\/v2\/media?parent=6172"}],"wp:term":[{"taxonomy":"product_brand","embeddable":true,"href":"https:\/\/decomazing.com\/en\/wp-json\/wp\/v2\/product_brand?post=6172"},{"taxonomy":"product_cat","embeddable":true,"href":"https:\/\/decomazing.com\/en\/wp-json\/wp\/v2\/product_cat?post=6172"},{"taxonomy":"product_tag","embeddable":true,"href":"https:\/\/decomazing.com\/en\/wp-json\/wp\/v2\/product_tag?post=6172"}],"curies":[{"name":"wp","href":"https:\/\/api.w.org\/{rel}","templated":true}]}}