{"id":6200,"date":"2021-11-01T17:36:34","date_gmt":"2021-11-01T16:36:34","guid":{"rendered":"https:\/\/decomazing.com\/?post_type=product&#038;p=6200"},"modified":"2024-10-05T20:24:33","modified_gmt":"2024-10-05T18:24:33","slug":"weihnachten-baumschmuck-dekoset","status":"publish","type":"product","link":"https:\/\/decomazing.com\/en\/weihnachten\/weihnachten-baumschmuck-dekoset\/","title":{"rendered":"Baumschmuck Weihnachtsanh\u00e4nger 3er Set &#8211; Mix"},"content":{"rendered":"<h2>Zauberhafter Baumschmuck Weihnachtsanh\u00e4nger 3er Set &#8211; Mix<\/h2>\n<p>Weihnachtlicher Baumschmuck aus Wabenpapier sind die optimale Alternative zu klassischen Christbaumkugeln aus Glas. Unser Set aus verschiedenen Weihnachtschmuck-Ornamenten erf\u00fcllt jeden Weihnachtsdekowunsch!<\/p>\n<h4><strong>Baumschmuck in verschiedenen Formen aus Papier<\/strong><\/h4>\n<p>Weihnachten ist eine besondere Jahreszeit voller Magie. Unser Weihnachtsanh\u00e4nger-Set &#8220;Ornamente Mix&#8221; l\u00e4sst euch diese Magie durch die perfekte Dekoration nach Hause holen. Dieses Set ist \u00fcbrigens auch eine sch\u00f6ne Geschenkidee, insbesondere f\u00fcr Weihnachtsliebhaber. Der Mix aus drei Formen zaubert eine wunderbar weihnachtliche Atmosph\u00e4re in jeden Raum. Egal ob als Baumschmuck, Tischdekoration zum Festmahl oder vielleicht sogar als Teil eures Adventskalenders \u2013 unsere weihnachtlichen Anh\u00e4nger machen in jedem Fall eine gute Figur! \u00dcberzeugt euch selbst von der wundervollen Qualit\u00e4t unserer decomazing Ornamente, sie werden euch im Nu verzaubern. Das Beste ist, dass ihr sie Jahr f\u00fcr Jahr wiederverwenden k\u00f6nnt, denn durch die Magnetverschl\u00fcsse lassen sie sich schnell und platzsparend verstauen. Einfach decomazing!<\/p>\n<p>Bei Fragen oder Wunsch nach Beratung, k\u00f6nnt ihr uns jederzeit \u00fcber unser Kontaktformular schreiben.<\/p>\n<h3>Short Facts: Anh\u00e4nger Baumschmuck 3er Set<\/h3>\n<p><strong>Material:<\/strong> hochwertiges Papier &amp; Magnet<\/p>\n<p><strong>Lieferumfang:<\/strong> Set bestehend aus je einem Weihnachtsanh\u00e4nger \u201eBall\u201c, \u201eKugel\u201c und \u201eOrnament\u201c je mit Band zur Aufh\u00e4ngung<\/p>\n<p><strong>Ma\u00dfe:<\/strong> \u00d8 ca. 11 cm, H\u00f6he ca. 10,5 cm, \u00d8 ca. 11 cm, H\u00f6he ca. 9,5 cm &amp; \u00d8 ca. 7 cm, H\u00f6he ca. 10 cm<\/p>\n","protected":false},"excerpt":{"rendered":"<p>Weihnachtlicher Baumschmuck aus Wabenpapier sind die moderne Alternative zu klassischen Christbaumkugeln. Viele Farben &amp; Formen!<\/p>\n","protected":false},"featured_media":6086,"comment_status":"open","ping_status":"closed","template":"","meta":[],"product_brand":[],"product_cat":[139],"product_tag":[],"class_list":{"0":"post-6200","1":"product","2":"type-product","3":"status-publish","4":"has-post-thumbnail","6":"product_cat-weihnachten","7":"product_shipping_class-standard","9":"first","10":"instock","11":"taxable","12":"shipping-taxable","13":"purchasable","14":"product-type-variable"},"_links":{"self":[{"href":"https:\/\/decomazing.com\/en\/wp-json\/wp\/v2\/product\/6200","targetHints":{"allow":["GET"]}}],"collection":[{"href":"https:\/\/decomazing.com\/en\/wp-json\/wp\/v2\/product"}],"about":[{"href":"https:\/\/decomazing.com\/en\/wp-json\/wp\/v2\/types\/product"}],"replies":[{"embeddable":true,"href":"https:\/\/decomazing.com\/en\/wp-json\/wp\/v2\/comments?post=6200"}],"wp:featuredmedia":[{"embeddable":true,"href":"https:\/\/decomazing.com\/en\/wp-json\/wp\/v2\/media\/6086"}],"wp:attachment":[{"href":"https:\/\/decomazing.com\/en\/wp-json\/wp\/v2\/media?parent=6200"}],"wp:term":[{"taxonomy":"product_brand","embeddable":true,"href":"https:\/\/decomazing.com\/en\/wp-json\/wp\/v2\/product_brand?post=6200"},{"taxonomy":"product_cat","embeddable":true,"href":"https:\/\/decomazing.com\/en\/wp-json\/wp\/v2\/product_cat?post=6200"},{"taxonomy":"product_tag","embeddable":true,"href":"https:\/\/decomazing.com\/en\/wp-json\/wp\/v2\/product_tag?post=6200"}],"curies":[{"name":"wp","href":"https:\/\/api.w.org\/{rel}","templated":true}]}}