{"id":6208,"date":"2021-11-01T17:36:35","date_gmt":"2021-11-01T16:36:35","guid":{"rendered":"https:\/\/decomazing.com\/?post_type=product&#038;p=6208"},"modified":"2024-10-05T20:24:14","modified_gmt":"2024-10-05T18:24:14","slug":"baumschmuck-weihnachtsanhaenger-mix","status":"publish","type":"product","link":"https:\/\/decomazing.com\/en\/weihnachten\/baumschmuck-weihnachtsanhaenger-mix\/","title":{"rendered":"Baumschmuck Weihnachtsanh\u00e4nger 6er Set &#8211; Mix Christmas"},"content":{"rendered":"<h2>Weihnachtsdekoration nachhaltig sch\u00f6n gestalten 6er Set &#8211; Mix Christmas<\/h2>\n<p>Weihnachten ist eine besondere Jahreszeit voller Magie. Unser Weihnachtsanh\u00e4nger-Set &#8220;Mix Christmas&#8221; bietet die perfekte Dekoration und ist gleichzeitig eine sch\u00f6ne Geschenkidee.<br \/>\nDiese au\u00dfergew\u00f6hnlichen Weihnachtsanh\u00e4nger versch\u00f6nern deinen Baum und das auch noch nachhaltig in Papierform. Durch ihre versteckten, magnetischen Verschl\u00fcsse lassen sie sich ganz einfach verschlie\u00dfen und nach der Weihnachtszeit platzsparend und schnell verstauen. Dank der eingearbeiteten Schnur k\u00f6nnt ihr unseren Baumschmuck geschickt aufh\u00e4ngen. Mit der wunderbaren Formenkombination aus Baum und Ball seid ihr ideal f\u00fcr ein prachtvolles Weihnachtsfest ausgestattet.<\/p>\n<p>Ihr wisst nicht weiter, h\u00e4ttet gern Beratung oder habt eine Frage? Dann nutzt gerne unser Kontaktformular und wir helfen euch weiter!<\/p>\n<h3><\/h3>\n<h3>Short Facts: Baumschmuck Weihnachtsanh\u00e4nger 6er Set &#8211; Mix Christmas<\/h3>\n<p><strong>Material:<\/strong> hochwertiges Papier inklusive Magnet<\/p>\n<p><strong>Lieferumfang:<\/strong> Set bestehend aus drei Weihnachtsanh\u00e4ngern \u201eBall\u201c und drei Weihnachtsanh\u00e4ngern \u201eBaum\u201c je mit Band zur Aufh\u00e4ngung<\/p>\n<p><strong>Ma\u00dfe:<\/strong> \u00d8 ca. 8 cm, H\u00f6he ca. 10 cm &amp; \u00d8 ca. 11 cm, H\u00f6he ca. 9,5 cm<\/p>\n","protected":false},"excerpt":{"rendered":"<p>Weihnachtsdekoration nachhaltig sch\u00f6n gestalten 6er Set &#8211; Mix Christmas Weihnachten ist eine besondere Jahreszeit voller Magie. Unser Weihnachtsanh\u00e4nger-Set &#8220;Mix Christmas&#8221; bietet die perfekte Dekoration und ist gleichzeitig eine sch\u00f6ne Geschenkidee. Diese au\u00dfergew\u00f6hnlichen Weihnachtsanh\u00e4nger versch\u00f6nern deinen Baum und das auch noch nachhaltig in Papierform. Durch ihre versteckten, magnetischen Verschl\u00fcsse lassen sie sich ganz einfach verschlie\u00dfen und [&#8230;]\n","protected":false},"featured_media":5969,"comment_status":"open","ping_status":"closed","template":"","meta":[],"product_brand":[],"product_cat":[139],"product_tag":[],"class_list":{"0":"post-6208","1":"product","2":"type-product","3":"status-publish","4":"has-post-thumbnail","6":"product_cat-weihnachten","7":"product_shipping_class-standard","9":"first","10":"instock","11":"taxable","12":"shipping-taxable","13":"purchasable","14":"product-type-simple"},"_links":{"self":[{"href":"https:\/\/decomazing.com\/en\/wp-json\/wp\/v2\/product\/6208","targetHints":{"allow":["GET"]}}],"collection":[{"href":"https:\/\/decomazing.com\/en\/wp-json\/wp\/v2\/product"}],"about":[{"href":"https:\/\/decomazing.com\/en\/wp-json\/wp\/v2\/types\/product"}],"replies":[{"embeddable":true,"href":"https:\/\/decomazing.com\/en\/wp-json\/wp\/v2\/comments?post=6208"}],"wp:featuredmedia":[{"embeddable":true,"href":"https:\/\/decomazing.com\/en\/wp-json\/wp\/v2\/media\/5969"}],"wp:attachment":[{"href":"https:\/\/decomazing.com\/en\/wp-json\/wp\/v2\/media?parent=6208"}],"wp:term":[{"taxonomy":"product_brand","embeddable":true,"href":"https:\/\/decomazing.com\/en\/wp-json\/wp\/v2\/product_brand?post=6208"},{"taxonomy":"product_cat","embeddable":true,"href":"https:\/\/decomazing.com\/en\/wp-json\/wp\/v2\/product_cat?post=6208"},{"taxonomy":"product_tag","embeddable":true,"href":"https:\/\/decomazing.com\/en\/wp-json\/wp\/v2\/product_tag?post=6208"}],"curies":[{"name":"wp","href":"https:\/\/api.w.org\/{rel}","templated":true}]}}