{"id":6209,"date":"2021-11-01T17:36:35","date_gmt":"2021-11-01T16:36:35","guid":{"rendered":"https:\/\/decomazing.com\/?post_type=product&#038;p=6209"},"modified":"2024-10-05T20:24:21","modified_gmt":"2024-10-05T18:24:21","slug":"weihnachten-dekoset-christmas-galore","status":"publish","type":"product","link":"https:\/\/decomazing.com\/en\/weihnachten\/weihnachten-dekoset-christmas-galore\/","title":{"rendered":"Dekoset Weihnachten &#8211; Christmas Galore"},"content":{"rendered":"<h2>Dekoset Weihnachten &#8211; Christmas Galore<\/h2>\n<p>Holt euch dieses wunderbare Dekorationset nach Hause f\u00fcr gl\u00e4nzende Weihnachten! Erh\u00e4ltlich in den Farben Gold und Silber.<\/p>\n<h4><strong>Weihnachtsfreude pur<\/strong><\/p>\n<p>Mit diesem decomazing Weihnachtsset seid ihr f\u00fcr die sch\u00f6nste Zeit des Jahres bestens ausgestattet. Wundersch\u00f6ne Weihnachtssterne in 3D bringen den Raum zum Strahlen, besonders wenn das Sonnenlicht sie trifft. Zusammen mit unserem Schriftzug \u201eMerry Christmas\u201c kommt gleich noch mehr Weihnachtsstimmung auf. Gekr\u00f6nt wird das Set durch die knapp drei Meter lange Schneeflockengirlande. Da kommt pure Weihnachtsfreude auf! Und wisst ihr was das Beste ist? Dieses Weihnachtsset ist wieder verwendbar und in den klassischen Farben Gold und Silber erh\u00e4ltlich.<\/h4>\n<p>Ihr wisst nicht weiter oder w\u00fcnscht euch Beratung? Dann meldet euch gern bei uns \u00fcber das Kontaktformular.<\/p>\n<h3>Short Facts: Dekoset Weihnachten &#8211; Christmas Galore<\/h3>\n<p>Material: hochwertiges Papier mit Hei\u00dffolienkaschierung<\/p>\n<p>Lieferumfang: Set bestehend aus sechs Schneeflocken, jeweils mit farblich passendem Faden zum Aufh\u00e4ngen, bzw. zur Verkn\u00fcpfung als Girlande; 58 gl\u00e4nzende Schneeflocken (Durchmesser 5 cm, Gesamtl\u00e4nge 300 cm); Schriftzug \u201eMerry Christmas\u201c<\/p>\n","protected":false},"excerpt":{"rendered":"<p>Holt euch dieses wunderbare Dekorationset nach Hause f\u00fcr gl\u00e4nzende Weihnachten! Erh\u00e4ltlich in den Farben Gold und Silber.<\/p>\n","protected":false},"featured_media":5973,"comment_status":"open","ping_status":"closed","template":"","meta":[],"product_brand":[],"product_cat":[139],"product_tag":[],"class_list":{"0":"post-6209","1":"product","2":"type-product","3":"status-publish","4":"has-post-thumbnail","6":"product_cat-weihnachten","7":"product_shipping_class-standard","9":"first","10":"instock","11":"taxable","12":"shipping-taxable","13":"purchasable","14":"product-type-variable","15":"has-default-attributes"},"_links":{"self":[{"href":"https:\/\/decomazing.com\/en\/wp-json\/wp\/v2\/product\/6209","targetHints":{"allow":["GET"]}}],"collection":[{"href":"https:\/\/decomazing.com\/en\/wp-json\/wp\/v2\/product"}],"about":[{"href":"https:\/\/decomazing.com\/en\/wp-json\/wp\/v2\/types\/product"}],"replies":[{"embeddable":true,"href":"https:\/\/decomazing.com\/en\/wp-json\/wp\/v2\/comments?post=6209"}],"wp:featuredmedia":[{"embeddable":true,"href":"https:\/\/decomazing.com\/en\/wp-json\/wp\/v2\/media\/5973"}],"wp:attachment":[{"href":"https:\/\/decomazing.com\/en\/wp-json\/wp\/v2\/media?parent=6209"}],"wp:term":[{"taxonomy":"product_brand","embeddable":true,"href":"https:\/\/decomazing.com\/en\/wp-json\/wp\/v2\/product_brand?post=6209"},{"taxonomy":"product_cat","embeddable":true,"href":"https:\/\/decomazing.com\/en\/wp-json\/wp\/v2\/product_cat?post=6209"},{"taxonomy":"product_tag","embeddable":true,"href":"https:\/\/decomazing.com\/en\/wp-json\/wp\/v2\/product_tag?post=6209"}],"curies":[{"name":"wp","href":"https:\/\/api.w.org\/{rel}","templated":true}]}}