{"id":6216,"date":"2021-11-01T17:36:38","date_gmt":"2021-11-01T16:36:38","guid":{"rendered":"https:\/\/decomazing.com\/?post_type=product&#038;p=6216"},"modified":"2024-10-05T20:19:56","modified_gmt":"2024-10-05T18:19:56","slug":"set-baumschmuck-weihnachten-ball","status":"publish","type":"product","link":"https:\/\/decomazing.com\/en\/weihnachten\/set-baumschmuck-weihnachten-ball\/","title":{"rendered":"Baumschmuck Weihnachtsanh\u00e4nger Set &#8211; Ball"},"content":{"rendered":"<h2>Weihnachtsanh\u00e4nger Set Ball &#8211; zauberhafte Weihnachten!<\/h2>\n<p>Ihr m\u00f6chtet zu Weihnachten eine originelle und festliche Dekoration? Dann darf unser Baumschmuck Weihnachtsanh\u00e4nger-Set B\u00e4lle nicht fehlen!<\/p>\n<h4><strong>Rund um den festlichen Weihnachtsbaum<\/strong><\/h4>\n<p>Unsere wieder verwendbaren Weihnachtsanh\u00e4nger \u201cB\u00e4lle\u201d aus Wabenpapier sind der ideale Weihnachtsschmuck f\u00fcr euer Zuhause. Ihr k\u00f6nnt aus vier Farben w\u00e4hlen: Champagner, Dunkelgr\u00fcn, bzw. -rot und Cremewei\u00df. Z\u00f6gert nicht: Bestellt sie noch heute, damit sie rechtzeitig bei euch sind! Diese Weihnachtsanh\u00e4nger sehen toll aus und k\u00f6nnen \u00fcberall im Haus aufgeh\u00e4ngt, bzw. dekoriert werden. Sie sind magnetisch und leicht zu schlie\u00dfen, sodass ihr sie von der Decke h\u00e4ngen oder weihnachtlich auf einem Sideboard pr\u00e4sentieren k\u00f6nnt. Sie lassen sich \u00fcbrigens auch geschickt mit unseren anderen festlichen Kleinigkeiten kombinieren. \u00dcberzeugt euch selbst!<\/p>\n<p>Falls ihr Fragen haben solltet oder ihr euch Beratung w\u00fcnscht, k\u00f6nnt ihr euch gerne \u00fcber unser Kontaktformular bei uns melden.<\/p>\n<h3>Short Facts: Baumschmuck Weihnachtsanh\u00e4nger Set &#8211; Ball<\/h3>\n<p><strong>Material:<\/strong> hochwertiges Papier inklusive Magnet<\/p>\n<p><strong>Lieferumfang:<\/strong> drei bzw. sechs Weihnachtsanh\u00e4nger \u201eBall\u201c mit Band zur Aufh\u00e4ngung<\/p>\n<p><strong>Ma\u00dfe:<\/strong> \u00d8 ca. 11 cm, H\u00f6he ca. 9,5 cm<\/p>\n","protected":false},"excerpt":{"rendered":"<p>Weihnachtsanh\u00e4nger Set Ball &#8211; zauberhafte Weihnachten! Ihr m\u00f6chtet zu Weihnachten eine originelle und festliche Dekoration? Dann darf unser Baumschmuck Weihnachtsanh\u00e4nger-Set B\u00e4lle nicht fehlen! Rund um den festlichen Weihnachtsbaum Unsere wieder verwendbaren Weihnachtsanh\u00e4nger \u201cB\u00e4lle\u201d aus Wabenpapier sind der ideale Weihnachtsschmuck f\u00fcr euer Zuhause. Ihr k\u00f6nnt aus vier Farben w\u00e4hlen: Champagner, Dunkelgr\u00fcn, bzw. -rot und Cremewei\u00df. Z\u00f6gert [&#8230;]\n","protected":false},"featured_media":5931,"comment_status":"open","ping_status":"closed","template":"","meta":[],"product_brand":[],"product_cat":[139],"product_tag":[],"class_list":{"0":"post-6216","1":"product","2":"type-product","3":"status-publish","4":"has-post-thumbnail","6":"product_cat-weihnachten","7":"product_shipping_class-standard","9":"first","10":"instock","11":"taxable","12":"shipping-taxable","13":"purchasable","14":"product-type-variable","15":"has-default-attributes"},"_links":{"self":[{"href":"https:\/\/decomazing.com\/en\/wp-json\/wp\/v2\/product\/6216","targetHints":{"allow":["GET"]}}],"collection":[{"href":"https:\/\/decomazing.com\/en\/wp-json\/wp\/v2\/product"}],"about":[{"href":"https:\/\/decomazing.com\/en\/wp-json\/wp\/v2\/types\/product"}],"replies":[{"embeddable":true,"href":"https:\/\/decomazing.com\/en\/wp-json\/wp\/v2\/comments?post=6216"}],"wp:featuredmedia":[{"embeddable":true,"href":"https:\/\/decomazing.com\/en\/wp-json\/wp\/v2\/media\/5931"}],"wp:attachment":[{"href":"https:\/\/decomazing.com\/en\/wp-json\/wp\/v2\/media?parent=6216"}],"wp:term":[{"taxonomy":"product_brand","embeddable":true,"href":"https:\/\/decomazing.com\/en\/wp-json\/wp\/v2\/product_brand?post=6216"},{"taxonomy":"product_cat","embeddable":true,"href":"https:\/\/decomazing.com\/en\/wp-json\/wp\/v2\/product_cat?post=6216"},{"taxonomy":"product_tag","embeddable":true,"href":"https:\/\/decomazing.com\/en\/wp-json\/wp\/v2\/product_tag?post=6216"}],"curies":[{"name":"wp","href":"https:\/\/api.w.org\/{rel}","templated":true}]}}