{"id":6226,"date":"2021-11-01T17:36:39","date_gmt":"2021-11-01T16:36:39","guid":{"rendered":"https:\/\/decomazing.com\/?post_type=product&#038;p=6226"},"modified":"2024-10-05T20:19:56","modified_gmt":"2024-10-05T18:19:56","slug":"set-baumschmuck-weihnachtsanhaenger-baum","status":"publish","type":"product","link":"https:\/\/decomazing.com\/en\/weihnachten\/set-baumschmuck-weihnachtsanhaenger-baum\/","title":{"rendered":"Baumschmuck Weihnachtsanh\u00e4nger Set &#8211; Baum"},"content":{"rendered":"<h2>Baumschmuck Weihnachtsanh\u00e4nger Set &#8211; Baum<\/h2>\n<p>Zu Weihnachten darf es originell und trotzdem irgendwie traditionell dekoriert sein? Dann sind unsere Weihnachtsanh\u00e4nger in Baumform genau das richtige!<\/p>\n<h4><strong>Stilvoll weihnachtlich dekorieren<\/strong><\/h4>\n<p>Unsere feinen B\u00e4umchen aus Wabenpapier machen nicht nur am Weihnachtsbaum eine gute Figur. Besonders als Teil eurer Tischdekoration oder eines kleinen Weihnachtsdorfs sind die Anh\u00e4nger einfach nicht mehr wegzudenken. Durch das formstabile Papier sind sie nicht so empfindlich, wie normale Glaskugeln, k\u00f6nnen aber auf jeden Fall auch immer wieder verwendet werden &#8211; f\u00fcr eine nachhaltig sch\u00f6ne Weihnachtszeit.<br \/>\nBei unserem Weihnachtsanh\u00e4nger-Set aus drei B\u00e4umen k\u00f6nnt ihr aus vier verschiedenen Farben w\u00e4hlen: Champagner, Cremewei\u00df, Dunkelrot und Dunkelgr\u00fcn. Durch die ins Papier integrierten Magnete lassen sie sich genauso schnell abbauen und verstauen, wie beim Aufbau. Sie verspr\u00fchen auf magische Weise ihren Weihnachtszauber in jedem Heim.<\/p>\n<p>Bei Fragen oder einem Beratungswunsch k\u00f6nnt ihr euch gern \u00fcber das Kontaktformular mit uns in Verbindung setzen.<\/p>\n<h3>Short Facts: Baumschmuck Weihnachtsanh\u00e4nger Set &#8211; Baum<\/h3>\n<p><strong>Material:<\/strong> hochwertiges Papier inklusive Magnet<\/p>\n<p><strong>Lieferumfang<\/strong>: Weihnachtsanh\u00e4nger Baum mit Band zur Aufh\u00e4ngung (St\u00fcckzahl nach Auswahl)<\/p>\n<p><strong>Ma\u00dfe:<\/strong> \u00d8 ca. 8 cm, H\u00f6he ca. 10 cm<\/p>\n","protected":false},"excerpt":{"rendered":"<p>Baumschmuck Weihnachtsanh\u00e4nger Set &#8211; Baum Zu Weihnachten darf es originell und trotzdem irgendwie traditionell dekoriert sein? Dann sind unsere Weihnachtsanh\u00e4nger in Baumform genau das richtige! Stilvoll weihnachtlich dekorieren Unsere feinen B\u00e4umchen aus Wabenpapier machen nicht nur am Weihnachtsbaum eine gute Figur. Besonders als Teil eurer Tischdekoration oder eines kleinen Weihnachtsdorfs sind die Anh\u00e4nger einfach nicht [&#8230;]\n","protected":false},"featured_media":5959,"comment_status":"open","ping_status":"closed","template":"","meta":[],"product_brand":[],"product_cat":[139],"product_tag":[],"class_list":{"0":"post-6226","1":"product","2":"type-product","3":"status-publish","4":"has-post-thumbnail","6":"product_cat-weihnachten","7":"product_shipping_class-standard","9":"first","10":"instock","11":"taxable","12":"shipping-taxable","13":"purchasable","14":"product-type-variable","15":"has-default-attributes"},"_links":{"self":[{"href":"https:\/\/decomazing.com\/en\/wp-json\/wp\/v2\/product\/6226","targetHints":{"allow":["GET"]}}],"collection":[{"href":"https:\/\/decomazing.com\/en\/wp-json\/wp\/v2\/product"}],"about":[{"href":"https:\/\/decomazing.com\/en\/wp-json\/wp\/v2\/types\/product"}],"replies":[{"embeddable":true,"href":"https:\/\/decomazing.com\/en\/wp-json\/wp\/v2\/comments?post=6226"}],"wp:featuredmedia":[{"embeddable":true,"href":"https:\/\/decomazing.com\/en\/wp-json\/wp\/v2\/media\/5959"}],"wp:attachment":[{"href":"https:\/\/decomazing.com\/en\/wp-json\/wp\/v2\/media?parent=6226"}],"wp:term":[{"taxonomy":"product_brand","embeddable":true,"href":"https:\/\/decomazing.com\/en\/wp-json\/wp\/v2\/product_brand?post=6226"},{"taxonomy":"product_cat","embeddable":true,"href":"https:\/\/decomazing.com\/en\/wp-json\/wp\/v2\/product_cat?post=6226"},{"taxonomy":"product_tag","embeddable":true,"href":"https:\/\/decomazing.com\/en\/wp-json\/wp\/v2\/product_tag?post=6226"}],"curies":[{"name":"wp","href":"https:\/\/api.w.org\/{rel}","templated":true}]}}