{"id":6232,"date":"2021-11-01T17:36:40","date_gmt":"2021-11-01T16:36:40","guid":{"rendered":"https:\/\/decomazing.com\/?post_type=product&#038;p=6232"},"modified":"2024-10-05T20:19:56","modified_gmt":"2024-10-05T18:19:56","slug":"baumschmuck-weihnachten-kugel-set","status":"publish","type":"product","link":"https:\/\/decomazing.com\/en\/weihnachten\/baumschmuck-weihnachten-kugel-set\/","title":{"rendered":"Baumschmuck Weihnachtsanh\u00e4nger Set &#8211; Kugel"},"content":{"rendered":"<h2>Zauberhafter Weihnachtsbaumschmuck &#8211; Kugel Set<\/h2>\n<p>Das Set aus drei, bzw. sechs einzigartigen und festlichen Weihnachtsanh\u00e4ngern in Kugelform ist die perfekte Erg\u00e4nzung f\u00fcr jeden Weihnachtsbaum oder als Dekoration f\u00fcr jeden Raum im Haus.<\/p>\n<h4><strong>Filigrane Weihnachtskugeln aus Papier<\/strong><\/h4>\n<p>Wer die klassischen Glaskugeln am Weihnachtsbaum nicht mag, wird unsere kleinen weihnachtlichen Kugeln ganz ohne Kitsch lieben. Unser Weihnachtsanh\u00e4nger &#8220;Kugel&#8221; zaubert zur Adventszeit eine stimmungsvolle Dekoration in Euer Zuhause. Er eignet sich nicht nur als Baumschmuck. Er macht auch als Teil eurer Tischdekoration zum weihnachtlichen Festessen oder am Adventskranz eine gute Figur. Von den festlichen Farben \u00fcber den Magnetverschluss bis hin zu unserer stabilen Papierwabenkonstruktion, diese Weihnachtskugeln wurden mit Liebe gemacht.<br \/>\nDas Weihnachtsanh\u00e4nger-Set aus drei bzw. sechs Kugeln ist eine gro\u00dfartige Erg\u00e4nzung f\u00fcr eure Weihnachtsdeko. Die Kugeln bestehen aus strapazierf\u00e4higem Wabenpapier und haben je einen Magnetverschluss und eine Schnur zum einfachen Aufh\u00e4ngen. Unsere Weihnachtssets gibt es in drei Farben: Champagner, Cremewei\u00df und Dunkelrot.\u00a0 Egal ob am Baum, in einer Schale oder im Raum &#8211; unsere filigranen, eleganten Weihnachtskugeln aus Papier werden die diesj\u00e4hrige Weihnachtszeit zum Funkeln bringen!<\/p>\n<p>Falls ihr Fragen haben solltet oder ihr euch Beratung w\u00fcnscht, k\u00f6nnt ihr euch gerne \u00fcber unser Kontaktformular bei uns melden.<\/p>\n<h3>Short Facts: Baumschmuck Weihnachtsanh\u00e4nger &#8211; Kugel<\/h3>\n<p><strong>Material:<\/strong> hochwertiges Papier inklusive Magnet<\/p>\n<p><strong>Lieferumfang<\/strong>: Weihnachtsanh\u00e4nger Kugel mit Band zur Aufh\u00e4ngung (St\u00fcckzahl nach Auswahl)<\/p>\n<p><strong>Ma\u00dfe:<\/strong> \u00d8 ca. 11 cm, H\u00f6he ca. 10,5 cm<\/p>\n","protected":false},"excerpt":{"rendered":"<p>Zauberhafter Weihnachtsbaumschmuck &#8211; Kugel Set Das Set aus drei, bzw. sechs einzigartigen und festlichen Weihnachtsanh\u00e4ngern in Kugelform ist die perfekte Erg\u00e4nzung f\u00fcr jeden Weihnachtsbaum oder als Dekoration f\u00fcr jeden Raum im Haus. Filigrane Weihnachtskugeln aus Papier Wer die klassischen Glaskugeln am Weihnachtsbaum nicht mag, wird unsere kleinen weihnachtlichen Kugeln ganz ohne Kitsch lieben. Unser Weihnachtsanh\u00e4nger [&#8230;]\n","protected":false},"featured_media":6036,"comment_status":"open","ping_status":"closed","template":"","meta":[],"product_brand":[],"product_cat":[139],"product_tag":[],"class_list":{"0":"post-6232","1":"product","2":"type-product","3":"status-publish","4":"has-post-thumbnail","6":"product_cat-weihnachten","7":"product_shipping_class-standard","9":"first","10":"instock","11":"taxable","12":"shipping-taxable","13":"purchasable","14":"product-type-variable","15":"has-default-attributes"},"_links":{"self":[{"href":"https:\/\/decomazing.com\/en\/wp-json\/wp\/v2\/product\/6232","targetHints":{"allow":["GET"]}}],"collection":[{"href":"https:\/\/decomazing.com\/en\/wp-json\/wp\/v2\/product"}],"about":[{"href":"https:\/\/decomazing.com\/en\/wp-json\/wp\/v2\/types\/product"}],"replies":[{"embeddable":true,"href":"https:\/\/decomazing.com\/en\/wp-json\/wp\/v2\/comments?post=6232"}],"wp:featuredmedia":[{"embeddable":true,"href":"https:\/\/decomazing.com\/en\/wp-json\/wp\/v2\/media\/6036"}],"wp:attachment":[{"href":"https:\/\/decomazing.com\/en\/wp-json\/wp\/v2\/media?parent=6232"}],"wp:term":[{"taxonomy":"product_brand","embeddable":true,"href":"https:\/\/decomazing.com\/en\/wp-json\/wp\/v2\/product_brand?post=6232"},{"taxonomy":"product_cat","embeddable":true,"href":"https:\/\/decomazing.com\/en\/wp-json\/wp\/v2\/product_cat?post=6232"},{"taxonomy":"product_tag","embeddable":true,"href":"https:\/\/decomazing.com\/en\/wp-json\/wp\/v2\/product_tag?post=6232"}],"curies":[{"name":"wp","href":"https:\/\/api.w.org\/{rel}","templated":true}]}}