{"id":6240,"date":"2021-11-01T17:36:40","date_gmt":"2021-11-01T16:36:40","guid":{"rendered":"https:\/\/decomazing.com\/?post_type=product&#038;p=6240"},"modified":"2024-10-05T20:19:56","modified_gmt":"2024-10-05T18:19:56","slug":"baumschmuck-weihnachten-ornament-set","status":"publish","type":"product","link":"https:\/\/decomazing.com\/en\/weihnachten\/baumschmuck-weihnachten-ornament-set\/","title":{"rendered":"Baumschmuck Weihnachtsanh\u00e4nger Set &#8211; Ornament"},"content":{"rendered":"<h2>Baumschmuck Weihnachtsanh\u00e4nger &#8211; Ornament Set<\/h2>\n<p>Unser Baumschmuck und Weihnachtsanh\u00e4nger Ornament Set sieht nicht nur sch\u00f6n aus, sondern verspr\u00fcht auch eine weihnachtliche Atmosph\u00e4re. Da kann Weihnachten kommen!<\/p>\n<h4><strong>Festliche Weihnachtsdeko f\u00fcr jeden<\/strong><\/h4>\n<p>Formsch\u00f6n aus stabilem Wabenpapier &#8211; das ist unser weihnachtliches Ornament.<br \/>\nDie perfekte Dekoration f\u00fcr die sch\u00f6nste Saison des Jahres! Unser decomazing Baumschmuck Ornament aus Papier hat ein zeitloses, edles Design und strahlt gleichzeitig eine weihnachtliche Atmosph\u00e4re aus. Es l\u00e4sst sich, dank des goldenen B\u00e4ndchens, ganz einfach aufh\u00e4ngen und wiederverwenden.<br \/>\nDekoriere dein Zuhause f\u00fcr die Feiertage! Mit seinen festlichen Farben k\u00f6nnen Sie mit dieser Weihnachtsdeko zum Aufh\u00e4ngen nichts falsch machen. Es stehen drei Farben zur Auswahl, damit Sie die perfekte Farbe finden, die zu Ihrem Stil passt: Champagner, Cremewei\u00df und Dunkelrot.<br \/>\nBei Fragen k\u00f6nnt ihr uns nat\u00fcrlich gerne \u00fcber unser Kontaktformular kontaktieren.<\/p>\n<h3>Short Facts: Baumschmuck Weihnachtsanh\u00e4nger Set &#8211; Ornament<\/h3>\n<p><strong>Material:<\/strong> hochwertiges Papier inklusive Magnet<\/p>\n<p><strong>Lieferumfang<\/strong>: Weihnachtsanh\u00e4nger Ornament mit Band zur Aufh\u00e4ngung (St\u00fcckzahl nach Auswahl)<\/p>\n<p><strong>Ma\u00dfe:<\/strong> \u00d8 ca. 7 cm, H\u00f6he ca. 10 cm<\/p>\n","protected":false},"excerpt":{"rendered":"<p>Baumschmuck Weihnachtsanh\u00e4nger &#8211; Ornament Set Unser Baumschmuck und Weihnachtsanh\u00e4nger Ornament Set sieht nicht nur sch\u00f6n aus, sondern verspr\u00fcht auch eine weihnachtliche Atmosph\u00e4re. Da kann Weihnachten kommen! Festliche Weihnachtsdeko f\u00fcr jeden Formsch\u00f6n aus stabilem Wabenpapier &#8211; das ist unser weihnachtliches Ornament. Die perfekte Dekoration f\u00fcr die sch\u00f6nste Saison des Jahres! Unser decomazing Baumschmuck Ornament aus Papier [&#8230;]\n","protected":false},"featured_media":6062,"comment_status":"open","ping_status":"closed","template":"","meta":[],"product_brand":[],"product_cat":[139],"product_tag":[],"class_list":{"0":"post-6240","1":"product","2":"type-product","3":"status-publish","4":"has-post-thumbnail","6":"product_cat-weihnachten","7":"product_shipping_class-standard","9":"first","10":"instock","11":"taxable","12":"shipping-taxable","13":"purchasable","14":"product-type-variable","15":"has-default-attributes"},"_links":{"self":[{"href":"https:\/\/decomazing.com\/en\/wp-json\/wp\/v2\/product\/6240","targetHints":{"allow":["GET"]}}],"collection":[{"href":"https:\/\/decomazing.com\/en\/wp-json\/wp\/v2\/product"}],"about":[{"href":"https:\/\/decomazing.com\/en\/wp-json\/wp\/v2\/types\/product"}],"replies":[{"embeddable":true,"href":"https:\/\/decomazing.com\/en\/wp-json\/wp\/v2\/comments?post=6240"}],"wp:featuredmedia":[{"embeddable":true,"href":"https:\/\/decomazing.com\/en\/wp-json\/wp\/v2\/media\/6062"}],"wp:attachment":[{"href":"https:\/\/decomazing.com\/en\/wp-json\/wp\/v2\/media?parent=6240"}],"wp:term":[{"taxonomy":"product_brand","embeddable":true,"href":"https:\/\/decomazing.com\/en\/wp-json\/wp\/v2\/product_brand?post=6240"},{"taxonomy":"product_cat","embeddable":true,"href":"https:\/\/decomazing.com\/en\/wp-json\/wp\/v2\/product_cat?post=6240"},{"taxonomy":"product_tag","embeddable":true,"href":"https:\/\/decomazing.com\/en\/wp-json\/wp\/v2\/product_tag?post=6240"}],"curies":[{"name":"wp","href":"https:\/\/api.w.org\/{rel}","templated":true}]}}